{"id":85,"date":"2022-08-23T19:28:37","date_gmt":"2022-08-23T19:28:37","guid":{"rendered":"https:\/\/aidap2023.ualg.pt\/?page_id=85"},"modified":"2023-04-30T11:42:56","modified_gmt":"2023-04-30T11:42:56","slug":"programa-cientifico","status":"publish","type":"page","link":"https:\/\/aidap2023.ualg.pt\/es\/programa-cientifico\/","title":{"rendered":"Programa cient\u00edfico"},"content":{"rendered":"<div data-elementor-type=\"wp-post\" data-elementor-id=\"85\" class=\"elementor elementor-85\" data-elementor-post-type=\"page\">\n\t\t\t\t\t\t<section class=\"elementor-section elementor-top-section elementor-element elementor-element-4646172 elementor-section-boxed elementor-section-height-default elementor-section-height-default\" data-id=\"4646172\" data-element_type=\"section\" data-e-type=\"section\">\n\t\t\t\t\t\t<div class=\"elementor-container elementor-column-gap-default\">\n\t\t\t\t\t<div class=\"elementor-column elementor-col-100 elementor-top-column elementor-element elementor-element-ec49d4e\" data-id=\"ec49d4e\" data-element_type=\"column\" data-e-type=\"column\">\n\t\t\t<div class=\"elementor-widget-wrap elementor-element-populated\">\n\t\t\t\t\t\t<div class=\"elementor-element elementor-element-cba7ae1 elementor-widget elementor-widget-text-editor\" data-id=\"cba7ae1\" data-element_type=\"widget\" data-e-type=\"widget\" data-widget_type=\"text-editor.default\">\n\t\t\t\t<div class=\"elementor-widget-container\">\n\t\t\t\t\t\t\t\t\t<h5>Programa cient\u00edfico<\/h5><p>El Programa Cient\u00edfico final puede ser consultado <a href=\"https:\/\/docs.google.com\/spreadsheets\/d\/1aydDZGgaNxscLZXgKq6g9ozGcUoMlVp1\/edit?usp=sharing&amp;ouid=112137151286651717240&amp;rtpof=true&amp;sd=true\" target=\"_blank\" rel=\"noopener\">aqu\u00ed<\/a>.<\/p>\t\t\t\t\t\t\t\t<\/div>\n\t\t\t\t<\/div>\n\t\t\t\t\t<\/div>\n\t\t<\/div>\n\t\t\t\t\t<\/div>\n\t\t<\/section>\n\t\t\t\t<section class=\"elementor-section elementor-top-section elementor-element elementor-element-3423a36 elementor-section-boxed elementor-section-height-default elementor-section-height-default\" data-id=\"3423a36\" data-element_type=\"section\" data-e-type=\"section\">\n\t\t\t\t\t\t<div class=\"elementor-container elementor-column-gap-default\">\n\t\t\t\t\t<div class=\"elementor-column elementor-col-100 elementor-top-column elementor-element elementor-element-ea3a7c0\" data-id=\"ea3a7c0\" data-element_type=\"column\" data-e-type=\"column\">\n\t\t\t<div class=\"elementor-widget-wrap elementor-element-populated\">\n\t\t\t\t\t\t<div class=\"elementor-element elementor-element-09c9a3e elementor-widget elementor-widget-text-editor\" data-id=\"09c9a3e\" data-element_type=\"widget\" data-e-type=\"widget\" data-widget_type=\"text-editor.default\">\n\t\t\t\t<div class=\"elementor-widget-container\">\n\t\t\t\t\t\t\t\t\t<p><strong>\u00c1reas tem\u00e1ticas del Congreso:<\/strong><\/p><p>\u2022 Evaluaci\u00f3n en Contexto Cl\u00ednico y de la Salud <br \/>\u2022 Evaluaci\u00f3n en Contexto Forense<br \/>\u2022 Evaluaci\u00f3n en Contexto Organizacional <br \/>\u2022 Evaluaci\u00f3n en Contexto Educacional<br \/>\u2022 Evaluaci\u00f3n en Contexto Familiar<br \/>\u2022 Evaluaci\u00f3n en Contexto Comunitario<br \/>\u2022 Evaluaci\u00f3n de la Personalidad y Psicopatolog\u00eda<br \/>\u2022 Evaluaci\u00f3n de la Inteligencia y Aptitudes<br \/>\u2022 Evaluaci\u00f3n Neuropsicol\u00f3gica <br \/>\u2022 Evaluaci\u00f3n de Programas<br \/>\u2022 Modelos de Evaluaci\u00f3n <br \/>\u2022 \u00c9tica y Deontolog\u00eda en Evaluaci\u00f3n<br \/>\u2022 Avances Metodol\u00f3gicos en Evaluaci\u00f3n<br \/>\u2022 Nuevas tecnologias en Evaluaci\u00f3n<\/p>\t\t\t\t\t\t\t\t<\/div>\n\t\t\t\t<\/div>\n\t\t\t\t\t<\/div>\n\t\t<\/div>\n\t\t\t\t\t<\/div>\n\t\t<\/section>\n\t\t\t\t<\/div>","protected":false},"excerpt":{"rendered":"<p>Programa cient\u00edfico O Programa Cient\u00edfico final pode ser consultado aqui. \u00c1reas tem\u00e1ticas do Congresso: \u2022 Avalia\u00e7\u00e3o em Contexto Cl\u00ednico e da Sa\u00fade \u2022 Avalia\u00e7\u00e3o em Contexto Forense\u2022 Avalia\u00e7\u00e3o em Contexto Organizacional \u2022 Avalia\u00e7\u00e3o em Contexto Educacional\u2022 Avalia\u00e7\u00e3o em Contexto Familiar\u2022 Avalia\u00e7\u00e3o em Contexto Comunit\u00e1rio\u2022 Avalia\u00e7\u00e3o da Personalidade e Psicopatologia\u2022 Avalia\u00e7\u00e3o da Intelig\u00eancia e das Aptid\u00f5es\u2022 [&hellip;]<\/p>\n","protected":false},"author":2,"featured_media":0,"parent":0,"menu_order":0,"comment_status":"closed","ping_status":"closed","template":"elementor_theme","meta":{"footnotes":""},"class_list":["post-85","page","type-page","status-publish","hentry"],"_links":{"self":[{"href":"https:\/\/aidap2023.ualg.pt\/es\/wp-json\/wp\/v2\/pages\/85","targetHints":{"allow":["GET"]}}],"collection":[{"href":"https:\/\/aidap2023.ualg.pt\/es\/wp-json\/wp\/v2\/pages"}],"about":[{"href":"https:\/\/aidap2023.ualg.pt\/es\/wp-json\/wp\/v2\/types\/page"}],"author":[{"embeddable":true,"href":"https:\/\/aidap2023.ualg.pt\/es\/wp-json\/wp\/v2\/users\/2"}],"replies":[{"embeddable":true,"href":"https:\/\/aidap2023.ualg.pt\/es\/wp-json\/wp\/v2\/comments?post=85"}],"version-history":[{"count":27,"href":"https:\/\/aidap2023.ualg.pt\/es\/wp-json\/wp\/v2\/pages\/85\/revisions"}],"predecessor-version":[{"id":1601,"href":"https:\/\/aidap2023.ualg.pt\/es\/wp-json\/wp\/v2\/pages\/85\/revisions\/1601"}],"wp:attachment":[{"href":"https:\/\/aidap2023.ualg.pt\/es\/wp-json\/wp\/v2\/media?parent=85"}],"curies":[{"name":"wp","href":"https:\/\/api.w.org\/{rel}","templated":true}]}}