{"id":341,"date":"2022-08-29T16:43:18","date_gmt":"2022-08-29T16:43:18","guid":{"rendered":"https:\/\/aidap2023.ualg.pt\/?page_id=341"},"modified":"2023-04-20T22:09:03","modified_gmt":"2023-04-20T22:09:03","slug":"datas-importantes","status":"publish","type":"page","link":"https:\/\/aidap2023.ualg.pt\/es\/datas-importantes\/","title":{"rendered":"Fechas importantes"},"content":{"rendered":"<div data-elementor-type=\"wp-post\" data-elementor-id=\"341\" class=\"elementor elementor-341\" data-elementor-post-type=\"page\">\n\t\t\t\t\t\t<section class=\"elementor-section elementor-top-section elementor-element elementor-element-4646172 elementor-section-boxed elementor-section-height-default elementor-section-height-default\" data-id=\"4646172\" data-element_type=\"section\" data-e-type=\"section\">\n\t\t\t\t\t\t<div class=\"elementor-container elementor-column-gap-default\">\n\t\t\t\t\t<div class=\"elementor-column elementor-col-100 elementor-top-column elementor-element elementor-element-ec49d4e\" data-id=\"ec49d4e\" data-element_type=\"column\" data-e-type=\"column\">\n\t\t\t<div class=\"elementor-widget-wrap elementor-element-populated\">\n\t\t\t\t\t\t<div class=\"elementor-element elementor-element-cba7ae1 elementor-widget elementor-widget-text-editor\" data-id=\"cba7ae1\" data-element_type=\"widget\" data-e-type=\"widget\" data-widget_type=\"text-editor.default\">\n\t\t\t\t<div class=\"elementor-widget-container\">\n\t\t\t\t\t\t\t\t\t<h5>Fechas importantes<\/h5>\t\t\t\t\t\t\t\t<\/div>\n\t\t\t\t<\/div>\n\t\t\t\t<div class=\"elementor-element elementor-element-625128e elementor-widget elementor-widget-image\" data-id=\"625128e\" data-element_type=\"widget\" data-e-type=\"widget\" data-widget_type=\"image.default\">\n\t\t\t\t<div class=\"elementor-widget-container\">\n\t\t\t\t\t\t\t\t\t\t\t\t\t\t\t<img fetchpriority=\"high\" decoding=\"async\" width=\"1536\" height=\"306\" src=\"https:\/\/aidap2023.ualg.pt\/wp-content\/uploads\/2023\/04\/DatasImportantes_Novas1_es.png\" class=\"attachment-1536x1536 size-1536x1536 wp-image-1099\" alt=\"\" srcset=\"https:\/\/aidap2023.ualg.pt\/wp-content\/uploads\/2023\/04\/DatasImportantes_Novas1_es.png 1616w, https:\/\/aidap2023.ualg.pt\/wp-content\/uploads\/2023\/04\/DatasImportantes_Novas1_es-300x60.png 300w, https:\/\/aidap2023.ualg.pt\/wp-content\/uploads\/2023\/04\/DatasImportantes_Novas1_es-1024x204.png 1024w, https:\/\/aidap2023.ualg.pt\/wp-content\/uploads\/2023\/04\/DatasImportantes_Novas1_es-768x153.png 768w, https:\/\/aidap2023.ualg.pt\/wp-content\/uploads\/2023\/04\/DatasImportantes_Novas1_es-1536x306.png 1536w, https:\/\/aidap2023.ualg.pt\/wp-content\/uploads\/2023\/04\/DatasImportantes_Novas1_es-18x4.png 18w\" sizes=\"(max-width: 1536px) 100vw, 1536px\" \/>\t\t\t\t\t\t\t\t\t\t\t\t\t\t\t<\/div>\n\t\t\t\t<\/div>\n\t\t\t\t<div class=\"elementor-element elementor-element-1e585c4 elementor-widget elementor-widget-text-editor\" data-id=\"1e585c4\" data-element_type=\"widget\" data-e-type=\"widget\" data-widget_type=\"text-editor.default\">\n\t\t\t\t<div class=\"elementor-widget-container\">\n\t\t\t\t\t\t\t\t\t<p><span style=\"color: var( --e-global-color-text ); font-family: var( --e-global-typography-text-font-family ), Sans-serif; font-weight: var( --e-global-typography-text-font-weight ); font-size: 1rem;\">10 de marzo \u2013 Respuesta de aceptaci\u00f3n<\/span><\/p><p>31 de marzo \u2013 Inscripci\u00f3n a precio reducido<\/p><p>20 de abril \u2013 Inscripci\u00f3n para el programa final<\/p><p>28 de abril \u2013 Programa final; Env\u00edo de E-p\u00f3ster<\/p><p>4 a 5 de mayo - Congreso<\/p><p>\u00a0<\/p><p>19 de mayo - Nuevo plazo de presentaci\u00f3n de textos para Actas\u00a0<\/p><p>9 de junio - Fecha l\u00edmite para notificaci\u00f3n de selecci\u00f3n por parte del Comit\u00e9 Cient\u00edfico<\/p><p>7 de julio - Fecha l\u00edmite de env\u00edo al n\u00famero especial de RIDEP (en la plataforma de la revista)<\/p><p>\u00a0<\/p><p><strong>Nota importante:<\/strong><\/p><p>Los autores deben inscribirse antes del 20 de abril para ser incluidos en el programa final.<\/p>\t\t\t\t\t\t\t\t<\/div>\n\t\t\t\t<\/div>\n\t\t\t\t\t<\/div>\n\t\t<\/div>\n\t\t\t\t\t<\/div>\n\t\t<\/section>\n\t\t\t\t<\/div>","protected":false},"excerpt":{"rendered":"<p>Datas importantes 10 de mar\u00e7o \u2013 Resposta de aceita\u00e7\u00e3o 31 de mar\u00e7o \u2013 Inscri\u00e7\u00e3o a pre\u00e7o reduzido 20 de abril \u2013 Inscri\u00e7\u00e3o para programa final 28 de abril \u2013 Programa final; Envio de E-poster 4 a 5 de maio \u2013 Congresso \u00a0 19 de maio &#8211; Novo prazo de submiss\u00e3o de textos para Atas\u00a0 9 [&hellip;]<\/p>\n","protected":false},"author":2,"featured_media":0,"parent":0,"menu_order":0,"comment_status":"closed","ping_status":"closed","template":"elementor_theme","meta":{"footnotes":""},"class_list":["post-341","page","type-page","status-publish","hentry"],"_links":{"self":[{"href":"https:\/\/aidap2023.ualg.pt\/es\/wp-json\/wp\/v2\/pages\/341","targetHints":{"allow":["GET"]}}],"collection":[{"href":"https:\/\/aidap2023.ualg.pt\/es\/wp-json\/wp\/v2\/pages"}],"about":[{"href":"https:\/\/aidap2023.ualg.pt\/es\/wp-json\/wp\/v2\/types\/page"}],"author":[{"embeddable":true,"href":"https:\/\/aidap2023.ualg.pt\/es\/wp-json\/wp\/v2\/users\/2"}],"replies":[{"embeddable":true,"href":"https:\/\/aidap2023.ualg.pt\/es\/wp-json\/wp\/v2\/comments?post=341"}],"version-history":[{"count":43,"href":"https:\/\/aidap2023.ualg.pt\/es\/wp-json\/wp\/v2\/pages\/341\/revisions"}],"predecessor-version":[{"id":1105,"href":"https:\/\/aidap2023.ualg.pt\/es\/wp-json\/wp\/v2\/pages\/341\/revisions\/1105"}],"wp:attachment":[{"href":"https:\/\/aidap2023.ualg.pt\/es\/wp-json\/wp\/v2\/media?parent=341"}],"curies":[{"name":"wp","href":"https:\/\/api.w.org\/{rel}","templated":true}]}}