{"id":317,"date":"2022-08-29T16:19:17","date_gmt":"2022-08-29T16:19:17","guid":{"rendered":"https:\/\/aidap2023.ualg.pt\/?page_id=317"},"modified":"2023-04-14T10:17:09","modified_gmt":"2023-04-14T10:17:09","slug":"inscricao","status":"publish","type":"page","link":"https:\/\/aidap2023.ualg.pt\/es\/inscricao\/","title":{"rendered":"Inscripci\u00f3n"},"content":{"rendered":"<div data-elementor-type=\"wp-post\" data-elementor-id=\"317\" class=\"elementor elementor-317\" data-elementor-post-type=\"page\">\n\t\t\t\t\t\t<section class=\"elementor-section elementor-top-section elementor-element elementor-element-4646172 elementor-section-boxed elementor-section-height-default elementor-section-height-default\" data-id=\"4646172\" data-element_type=\"section\" data-e-type=\"section\">\n\t\t\t\t\t\t<div class=\"elementor-container elementor-column-gap-default\">\n\t\t\t\t\t<div class=\"elementor-column elementor-col-100 elementor-top-column elementor-element elementor-element-ec49d4e\" data-id=\"ec49d4e\" data-element_type=\"column\" data-e-type=\"column\">\n\t\t\t<div class=\"elementor-widget-wrap elementor-element-populated\">\n\t\t\t\t\t\t<div class=\"elementor-element elementor-element-cba7ae1 elementor-widget elementor-widget-text-editor\" data-id=\"cba7ae1\" data-element_type=\"widget\" data-e-type=\"widget\" data-widget_type=\"text-editor.default\">\n\t\t\t\t<div class=\"elementor-widget-container\">\n\t\t\t\t\t\t\t\t\t<h5>Precios de inscripci\u00f3n *<\/h5>\t\t\t\t\t\t\t\t<\/div>\n\t\t\t\t<\/div>\n\t\t\t\t<div class=\"elementor-element elementor-element-1e585c4 elementor-widget elementor-widget-text-editor\" data-id=\"1e585c4\" data-element_type=\"widget\" data-e-type=\"widget\" data-widget_type=\"text-editor.default\">\n\t\t\t\t<div class=\"elementor-widget-container\">\n\t\t\t\t\t\t\t\t\t<div id=\"_idContainer000\" class=\"Basic-Text-Frame\"><table id=\"table001\" style=\"width: 50%;\"><colgroup> <col class=\"_idGenTableRowColumn-1\" style=\"width: 60%;\" \/> <col class=\"_idGenTableRowColumn-2\" style=\"width: 20%;\" \/> <col class=\"_idGenTableRowColumn-3\" style=\"width: 20%;\" \/> <\/colgroup><tbody><tr class=\"Cabecalho _idGenTableRowColumn-4\"><td class=\"Cabecalho CellOverride-1\">\u00a0<\/td><td class=\"Cabecalho CellOverride-2\"><p class=\"ParaOverride-1\"><span class=\"CharOverride-1\">HASTA 31 DE MARZO<\/span><\/p><\/td><td class=\"Cabecalho CellOverride-3\"><p class=\"ParaOverride-1\"><span class=\"CharOverride-1\">DESPU\u00c9S DE 31 DE MARZO<\/span><\/p><\/td><\/tr><tr class=\"_idGenTableRowColumn-4\"><td class=\"Celulas CellOverride-4 _idGenCellOverride-1\"><p class=\"ParaOverride-2\"><span class=\"CharOverride-2\">Miembros de las entidades organizadoras (AIDAP\/AIDEP; UAlg) **<\/span><\/p><\/td><td class=\"Celulas CellOverride-4 _idGenCellOverride-1\"><p class=\"ParaOverride-1\"><span class=\"CharOverride-2\">120\u20ac<br \/>(75\u20ac*)<\/span><\/p><\/td><td class=\"Celulas CellOverride-4 _idGenCellOverride-1\"><p class=\"ParaOverride-1\"><span class=\"CharOverride-2\">140\u20ac<br \/>(85\u20ac*)<\/span><\/p><\/td><\/tr><tr class=\"_idGenTableRowColumn-4\"><td class=\"Celulas CellOverride-5\"><p class=\"ParaOverride-2\"><span class=\"CharOverride-2\">Estudiantes **<\/span><\/p><\/td><td class=\"Celulas CellOverride-5\"><p class=\"ParaOverride-1\"><span class=\"CharOverride-2\">80\u20ac<br \/>(50\u20ac*)<\/span><\/p><\/td><td class=\"Celulas CellOverride-5\"><p class=\"ParaOverride-1\"><span class=\"CharOverride-2\">100\u20ac<br \/>(60\u20ac*)<\/span><\/p><\/td><\/tr><tr class=\"_idGenTableRowColumn-4\"><td class=\"Celulas CellOverride-5\"><p class=\"ParaOverride-2\"><span class=\"CharOverride-2\">Otros participantes <\/span><\/p><\/td><td class=\"Celulas CellOverride-5\"><p class=\"ParaOverride-1\"><span class=\"CharOverride-2\">160\u20ac<br \/>(110\u20ac*)<\/span><\/p><\/td><td class=\"Celulas CellOverride-5\"><p class=\"ParaOverride-1\"><span class=\"CharOverride-2\">180\u20ac<br \/>(120\u20ac*)<\/span><\/p><\/td><\/tr><tr class=\"_idGenTableRowColumn-4\"><td class=\"Celulas CellOverride-5\"><p class=\"ParaOverride-2\"><span class=\"CharOverride-2\">Autores no participantes***<\/span><\/p><\/td><td class=\"Celulas CellOverride-5\"><p class=\"ParaOverride-1\"><span class=\"CharOverride-2\">30\u20ac<\/span><\/p><\/td><td class=\"Celulas CellOverride-5\"><p class=\"ParaOverride-1\"><span class=\"CharOverride-2\">40\u20ac<\/span><\/p><\/td><\/tr><tr class=\"_idGenTableRowColumn-4\"><td class=\"Celulas CellOverride-5\"><p class=\"ParaOverride-2\"><span class=\"CharOverride-2\">Cena del Congreso <\/span><\/p><\/td><td class=\"Celulas CellOverride-5\"><p class=\"ParaOverride-1\"><span class=\"CharOverride-2\">35\u20ac<\/span><\/p><\/td><td class=\"Celulas CellOverride-5\"><p class=\"ParaOverride-1\"><span class=\"CharOverride-2\">45\u20ac<\/span><\/p><\/td><\/tr><\/tbody><\/table><\/div><p class=\"translation-block\">Todos los valores incluyen las tasas en vigor<br><strong>* Los valores entre par\u00e9ntesis se refieren solo a la participaci\u00f3n remota en el Congreso.<\/strong><br>\n** Deben presentar los documentos de prueba<\/br>*** Autores de trabajos presentados en el Congreso que no participar\u00e1n de forma presencial, ni remota<\/p><p><span style=\"color: #ea5f11;\"><strong>Inscripci\u00f3n en el congreso:<\/strong><\/span><\/p><p><strong>La inscripci\u00f3n al congreso se realiza rellenando el Formulario de Inscripci\u00f3n<a href=\"https:\/\/ec.europa.eu\/eusurvey\/runner\/XI_2Inscricao\" target=\"_blank\" rel=\"noopener\">AQU\u00cd<\/a>.<\/strong><\/p><p><strong>Debe poner comprobante de pago por transferencia bancaria en el formulario. Caso sea estudiante y\/o miembro de las entidades colaboradoras de la organizaci\u00f3n, deber\u00e1 aportar el respectivo comprobante.<\/strong><\/p><h5>\u00a0<\/h5><p><strong><span style=\"color: #ea5f11;\">El valor de la inscripci\u00f3n incluye:<\/span><\/strong><\/p><ul><li>Certificado de participaci\u00f3n *<\/li><li>Certificado de comunicaci\u00f3n *<\/li><li>Admisi\u00f3n a las sesiones del congreso, presencial u online, seg\u00fan la forma de participaci\u00f3n*<\/li><li>Admisi\u00f3n a las sesiones del congreso *<\/li><li>Pasta com documenta\u00e7\u00e3o<\/li><li>Publicaci\u00f3n de art\u00edculos en las Actas del Congreso *<\/li><li>C\u00f3ctel saludable con demostraci\u00f3n el d\u00eda 5<\/li><li>Merienda en los intervalos<\/li><li>2 almuerzos (4 y 5 de mayo)<\/li><\/ul><p>* Tambi\u00e9n para los participantes remotos\u202f(online)<\/p><p><strong><span style=\"color: #ea5f11;\">Notas importantes:<\/span><\/strong><\/p><p>Os autores de simp\u00f3sios, comunica\u00e7\u00f5es orais ou poster t\u00eam que pagar a inscri\u00e7\u00e3o at\u00e9 14 de abril, para que os trabalhos propostos sejam inclu\u00eddos no programa.<\/p><p>___________<\/p><form action=\"https:\/\/www.paypal.com\/cgi-bin\/webscr\" method=\"post\" target=\"_top\"><p><input name=\"cmd\" type=\"hidden\" value=\"_s-xclick\" \/><\/p><p><input name=\"hosted_button_id\" type=\"hidden\" value=\"NQSGAXDDBVKYN\" \/><\/p><p><strong>Pago de la inscripci\u00f3n por PayPal:<\/strong><\/p><p><input alt=\"PayPal - A forma mais f\u00e1cil e segura de efetuar pagamentos online!\" name=\"submit\" src=\"https:\/\/www.paypalobjects.com\/pt_PT\/PT\/i\/btn\/btn_buynowCC_LG.gif\" type=\"image\" \/><\/p><p><img decoding=\"async\" src=\"https:\/\/www.paypalobjects.com\/pt_PT\/i\/scr\/pixel.gif\" alt=\"\" width=\"1\" height=\"1\" border=\"0\" \/><\/p><\/form><p class=\"translation-block\"><strong>Datos para pago por transferencia bancaria:<\/strong><br>Banco CGD\nBIC\/SWIFT: CGDIPTPL<\/br>IBAN: PT50003508240001202853047<\/br>NIB: 003508240001202853047<\/p><p class=\"translation-block\"><strong>Entidad:<\/strong><br>AIDAP- Asociaci\u00f3n Iberoamericana de Diagn\u00f3stico y Evaluaci\u00f3n Psicol\u00f3gica<\/br>N\u00famero Fiscal: NIF\/NIPC 513417222<\/br>Morada: Faculdade de Psicologia; Alameda de la Universidade; 1649-013 Lisboa Portugal<\/p><p><strong>Para efectos de emisi\u00f3n de recibo, dever\u00e1n ser dados los siguientes datos:<\/strong><\/p><ul><li>Nombre completo que debe constar en el recibo<\/li><li>Direcci\u00f3n postal<\/li><li>E-mail para donde debe ser enviado el recibo<\/li><li>NIF o equivalente, seg\u00fan pa\u00eds: Tax Identification Number; CIF (Espanha)\/ CUIT (Argentina)\/ RFC (M\u00e9xico)\/ CPF (Brasil), RUT(Chile), etc.<\/li><\/ul>\t\t\t\t\t\t\t\t<\/div>\n\t\t\t\t<\/div>\n\t\t\t\t\t<\/div>\n\t\t<\/div>\n\t\t\t\t\t<\/div>\n\t\t<\/section>\n\t\t\t\t<\/div>","protected":false},"excerpt":{"rendered":"<p>Pre\u00e7os de inscri\u00e7\u00e3o * \u00a0 AT\u00c9 31 DE MAR\u00c7O DEPOIS DE 31 DE MAR\u00c7O Membros das entidades parceiras na organiza\u00e7\u00e3o (AIDAP\/AIDEP; UAlg) ** 120\u20ac(75\u20ac*) 140\u20ac(85\u20ac*) Estudantes ** 80\u20ac(50\u20ac*) 100\u20ac(60\u20ac*) Outros participantes 160\u20ac(110\u20ac*) 180\u20ac(120\u20ac*) Autores n\u00e3o participantes*** 30\u20ac 40\u20ac Jantar do Congresso 35\u20ac 45\u20ac Todos os valores incluem as taxas em vigor* Os valores entre par\u00eantesis [&hellip;]<\/p>\n","protected":false},"author":2,"featured_media":0,"parent":0,"menu_order":0,"comment_status":"closed","ping_status":"closed","template":"elementor_theme","meta":{"footnotes":""},"class_list":["post-317","page","type-page","status-publish","hentry"],"_links":{"self":[{"href":"https:\/\/aidap2023.ualg.pt\/es\/wp-json\/wp\/v2\/pages\/317","targetHints":{"allow":["GET"]}}],"collection":[{"href":"https:\/\/aidap2023.ualg.pt\/es\/wp-json\/wp\/v2\/pages"}],"about":[{"href":"https:\/\/aidap2023.ualg.pt\/es\/wp-json\/wp\/v2\/types\/page"}],"author":[{"embeddable":true,"href":"https:\/\/aidap2023.ualg.pt\/es\/wp-json\/wp\/v2\/users\/2"}],"replies":[{"embeddable":true,"href":"https:\/\/aidap2023.ualg.pt\/es\/wp-json\/wp\/v2\/comments?post=317"}],"version-history":[{"count":98,"href":"https:\/\/aidap2023.ualg.pt\/es\/wp-json\/wp\/v2\/pages\/317\/revisions"}],"predecessor-version":[{"id":1007,"href":"https:\/\/aidap2023.ualg.pt\/es\/wp-json\/wp\/v2\/pages\/317\/revisions\/1007"}],"wp:attachment":[{"href":"https:\/\/aidap2023.ualg.pt\/es\/wp-json\/wp\/v2\/media?parent=317"}],"curies":[{"name":"wp","href":"https:\/\/api.w.org\/{rel}","templated":true}]}}