{"id":308,"date":"2022-09-29T16:09:32","date_gmt":"2022-09-29T16:09:32","guid":{"rendered":"https:\/\/aidap2023.ualg.pt\/?page_id=308"},"modified":"2023-01-23T19:02:40","modified_gmt":"2023-01-23T19:02:40","slug":"comissao-de-honra","status":"publish","type":"page","link":"https:\/\/aidap2023.ualg.pt\/es\/comissao-de-honra\/","title":{"rendered":"Comiss\u00e3o de Honra"},"content":{"rendered":"<div data-elementor-type=\"wp-post\" data-elementor-id=\"308\" class=\"elementor elementor-308\" data-elementor-post-type=\"page\">\n\t\t\t\t\t\t<section class=\"elementor-section elementor-top-section elementor-element elementor-element-4646172 elementor-section-boxed elementor-section-height-default elementor-section-height-default\" data-id=\"4646172\" data-element_type=\"section\" data-e-type=\"section\">\n\t\t\t\t\t\t<div class=\"elementor-container elementor-column-gap-default\">\n\t\t\t\t\t<div class=\"elementor-column elementor-col-100 elementor-top-column elementor-element elementor-element-ec49d4e\" data-id=\"ec49d4e\" data-element_type=\"column\" data-e-type=\"column\">\n\t\t\t<div class=\"elementor-widget-wrap elementor-element-populated\">\n\t\t\t\t\t\t<div class=\"elementor-element elementor-element-cba7ae1 elementor-widget elementor-widget-text-editor\" data-id=\"cba7ae1\" data-element_type=\"widget\" data-e-type=\"widget\" data-widget_type=\"text-editor.default\">\n\t\t\t\t<div class=\"elementor-widget-container\">\n\t\t\t\t\t\t\t\t\t<h5>Comiss\u00e3o de Honra<\/h5>\t\t\t\t\t\t\t\t<\/div>\n\t\t\t\t<\/div>\n\t\t\t\t<div class=\"elementor-element elementor-element-1e585c4 elementor-widget elementor-widget-text-editor\" data-id=\"1e585c4\" data-element_type=\"widget\" data-e-type=\"widget\" data-widget_type=\"text-editor.default\">\n\t\t\t\t<div class=\"elementor-widget-container\">\n\t\t\t\t\t\t\t\t\t<div id=\"_idContainer000\" class=\"Basic-Text-Frame\"><table id=\"table001\" style=\"width: 50%;\"><colgroup> <col class=\"_idGenTableRowColumn-1\" style=\"width: 50%;\" \/> <col class=\"_idGenTableRowColumn-2\" style=\"width: 50%;\" \/> <\/colgroup><tbody><tr class=\"Cabecalho\"><td class=\"Table-aidap Cabecalho _idGenCellOverride-1\"><span class=\"CharOverride-1\">NOMBRE<\/span><\/td><td class=\"Table-aidap Cabecalho\"><span class=\"CharOverride-1\">PA\u00cdS<\/span><\/td><\/tr><tr class=\"Table-aidap _idGenTableRowColumn-3\"><td class=\"Table-aidap Celulas\"><span class=\"CharOverride-2\">Danilo Silva<\/span><\/td><td class=\"Table-aidap Celulas\"><span class=\"CharOverride-2\">Portugal<\/span><\/td><\/tr><tr class=\"Table-aidap _idGenTableRowColumn-3\"><td class=\"Table-aidap Celulas\"><span class=\"CharOverride-2\">Claudio Hutz <\/span><\/td><td class=\"Table-aidap Celulas\"><span class=\"CharOverride-2\">Brasil<\/span><\/td><\/tr><tr class=\"Table-aidap _idGenTableRowColumn-3\"><td class=\"Table-aidap Celulas\"><span class=\"CharOverride-2\">Fernando Jimenez<\/span><\/td><td class=\"Table-aidap Celulas\"><span class=\"CharOverride-2\">Espa\u00f1a<\/span><\/td><\/tr><tr class=\"Table-aidap _idGenTableRowColumn-3\"><td class=\"Table-aidap Celulas\"><span class=\"CharOverride-2\">Eug\u00e9nia Vinet<\/span><\/td><td class=\"Table-aidap Celulas\"><span class=\"CharOverride-2\">Chile<\/span><\/td><\/tr><tr class=\"Table-aidap _idGenTableRowColumn-3\"><td class=\"Table-aidap Celulas\"><span class=\"CharOverride-2\">Norma Contini<\/span><\/td><td class=\"Table-aidap Celulas\"><span class=\"CharOverride-2\">Argentina<\/span><\/td><\/tr><\/tbody><\/table><\/div>\t\t\t\t\t\t\t\t<\/div>\n\t\t\t\t<\/div>\n\t\t\t\t\t<\/div>\n\t\t<\/div>\n\t\t\t\t\t<\/div>\n\t\t<\/section>\n\t\t\t\t<\/div>","protected":false},"excerpt":{"rendered":"<p>Comiss\u00e3o de Honra NOME PA\u00cdS Danilo Silva Portugal Claudio Hutz Brasil Fernando Jimenez Espanha Eug\u00e9nia Vinet Chile Norma Contini Argentina<\/p>","protected":false},"author":2,"featured_media":0,"parent":0,"menu_order":0,"comment_status":"closed","ping_status":"closed","template":"elementor_theme","meta":{"footnotes":""},"class_list":["post-308","page","type-page","status-publish","hentry"],"_links":{"self":[{"href":"https:\/\/aidap2023.ualg.pt\/es\/wp-json\/wp\/v2\/pages\/308","targetHints":{"allow":["GET"]}}],"collection":[{"href":"https:\/\/aidap2023.ualg.pt\/es\/wp-json\/wp\/v2\/pages"}],"about":[{"href":"https:\/\/aidap2023.ualg.pt\/es\/wp-json\/wp\/v2\/types\/page"}],"author":[{"embeddable":true,"href":"https:\/\/aidap2023.ualg.pt\/es\/wp-json\/wp\/v2\/users\/2"}],"replies":[{"embeddable":true,"href":"https:\/\/aidap2023.ualg.pt\/es\/wp-json\/wp\/v2\/comments?post=308"}],"version-history":[{"count":14,"href":"https:\/\/aidap2023.ualg.pt\/es\/wp-json\/wp\/v2\/pages\/308\/revisions"}],"predecessor-version":[{"id":844,"href":"https:\/\/aidap2023.ualg.pt\/es\/wp-json\/wp\/v2\/pages\/308\/revisions\/844"}],"wp:attachment":[{"href":"https:\/\/aidap2023.ualg.pt\/es\/wp-json\/wp\/v2\/media?parent=308"}],"curies":[{"name":"wp","href":"https:\/\/api.w.org\/{rel}","templated":true}]}}