{"id":292,"date":"2022-08-29T16:00:48","date_gmt":"2022-08-29T16:00:48","guid":{"rendered":"https:\/\/aidap2023.ualg.pt\/?page_id=292"},"modified":"2022-09-13T12:21:10","modified_gmt":"2022-09-13T12:21:10","slug":"comissao-cientifica","status":"publish","type":"page","link":"https:\/\/aidap2023.ualg.pt\/es\/comissao-cientifica\/","title":{"rendered":"Comisi\u00f3n Cient\u00edfica"},"content":{"rendered":"<div data-elementor-type=\"wp-post\" data-elementor-id=\"292\" class=\"elementor elementor-292\" data-elementor-post-type=\"page\">\n\t\t\t\t\t\t<section class=\"elementor-section elementor-top-section elementor-element elementor-element-4646172 elementor-section-boxed elementor-section-height-default elementor-section-height-default\" data-id=\"4646172\" data-element_type=\"section\" data-e-type=\"section\">\n\t\t\t\t\t\t<div class=\"elementor-container elementor-column-gap-default\">\n\t\t\t\t\t<div class=\"elementor-column elementor-col-100 elementor-top-column elementor-element elementor-element-ec49d4e\" data-id=\"ec49d4e\" data-element_type=\"column\" data-e-type=\"column\">\n\t\t\t<div class=\"elementor-widget-wrap elementor-element-populated\">\n\t\t\t\t\t\t<div class=\"elementor-element elementor-element-cba7ae1 elementor-widget elementor-widget-text-editor\" data-id=\"cba7ae1\" data-element_type=\"widget\" data-e-type=\"widget\" data-widget_type=\"text-editor.default\">\n\t\t\t\t<div class=\"elementor-widget-container\">\n\t\t\t\t\t\t\t\t\t<h5>Comisi\u00f3n Cient\u00edfica<\/h5>\t\t\t\t\t\t\t\t<\/div>\n\t\t\t\t<\/div>\n\t\t\t\t<div class=\"elementor-element elementor-element-1e585c4 elementor-widget elementor-widget-text-editor\" data-id=\"1e585c4\" data-element_type=\"widget\" data-e-type=\"widget\" data-widget_type=\"text-editor.default\">\n\t\t\t\t<div class=\"elementor-widget-container\">\n\t\t\t\t\t\t\t\t\t<div id=\"_idContainer000\" class=\"_idGenObjectStyleOverride-1\">\n<table id=\"table001\" style=\"width: 65%;\"><colgroup> <col class=\"_idGenTableRowColumn-1\" style=\"width: 40%;\" \/> <col class=\"_idGenTableRowColumn-2\" style=\"width: 60%;\" \/> <\/colgroup>\n<tbody>\n<tr class=\"Cabecalho\">\n<td class=\"Table-aidap Cabecalho _idGenCellOverride-1\">\n<p class=\"CharOverride-1\"><span class=\"CharOverride-1\">NOMBRE<\/span><\/p>\n<\/td>\n<td class=\"Table-aidap Cabecalho\">\n<p class=\"CharOverride-1\"><span class=\"CharOverride-1\">PA\u00cdS - Instituici\u00f3n<\/span><\/p>\n<\/td>\n<\/tr>\n<tr class=\"Table-aidap _idGenTableRowColumn-3\">\n<td class=\"Table-aidap Celulas\"><span class=\"CharOverride-2\">Maria Jo\u00e3o Afonso <\/span><\/td>\n<td class=\"Table-aidap Celulas\"><span class=\"CharOverride-2\">Port. \u2013 FP-U.Lisboa (Presidente)<\/span><\/td>\n<\/tr>\n<tr class=\"Table-aidap _idGenTableRowColumn-3\">\n<td class=\"Table-aidap Celulas\"><span class=\"CharOverride-2\">Ant\u00f3nio Abel Pires<\/span><\/td>\n<td class=\"Table-aidap Celulas\"><span class=\"CharOverride-2\">Port. \u2013 FPCE-U. Porto<\/span><\/td>\n<\/tr>\n<tr class=\"Table-aidap _idGenTableRowColumn-3\">\n<td class=\"Table-aidap Celulas\"><span class=\"CharOverride-2\">Alexandra Reis <\/span><\/td>\n<td class=\"Table-aidap Celulas\"><span class=\"CharOverride-2\">Port. \u2013 U. Algarve<\/span><\/td>\n<\/tr>\n<tr class=\"Table-aidap _idGenTableRowColumn-3\">\n<td class=\"Table-aidap Celulas\"><span class=\"CharOverride-2\">Aristides Ferreira<\/span><\/td>\n<td class=\"Table-aidap Celulas\"><span class=\"CharOverride-2\">Port. \u2013 ISCTE<\/span><\/td>\n<\/tr>\n<tr class=\"Table-aidap _idGenTableRowColumn-3\">\n<td class=\"Table-aidap Celulas\"><span class=\"CharOverride-2\">Barbara Gonzalez<\/span><\/td>\n<td class=\"Table-aidap Celulas\"><span class=\"CharOverride-2\">Port. \u2013 U. Lus\u00f3fona<\/span><\/td>\n<\/tr>\n<tr class=\"Table-aidap _idGenTableRowColumn-3\">\n<td class=\"Table-aidap Celulas\"><span class=\"CharOverride-2\">Bruno Gon\u00e7alves<\/span><\/td>\n<td class=\"Table-aidap Celulas\"><span class=\"CharOverride-2\">Port. \u2013 (RIDEP)<\/span><\/td>\n<\/tr>\n<tr class=\"Table-aidap _idGenTableRowColumn-3\">\n<td class=\"Table-aidap Celulas\"><span class=\"CharOverride-2\">Isabel Alberto<\/span><\/td>\n<td class=\"Table-aidap Celulas\"><span class=\"CharOverride-2\">Port. \u2013 FPCE-U. Coimbra<\/span><\/td>\n<\/tr>\n<tr class=\"Table-aidap _idGenTableRowColumn-3\">\n<td class=\"Table-aidap Celulas\"><span class=\"CharOverride-2\">Isabel Janeiro<\/span><\/td>\n<td class=\"Table-aidap Celulas\"><span class=\"CharOverride-2\">Port. \u2013 FP-U. Lisboa<\/span><\/td>\n<\/tr>\n<tr class=\"Table-aidap _idGenTableRowColumn-3\">\n<td class=\"Table-aidap Celulas\"><span class=\"CharOverride-2\">Jo\u00e3o Moreira <\/span><\/td>\n<td class=\"Table-aidap Celulas\"><span class=\"CharOverride-2\">Port. \u2013 FP-U. Lisboa (RIDEP)<\/span><\/td>\n<\/tr>\n<tr class=\"Table-aidap _idGenTableRowColumn-3\">\n<td class=\"Table-aidap Celulas\"><span class=\"CharOverride-2\">Leandro Almeida<\/span><\/td>\n<td class=\"Table-aidap Celulas\"><span class=\"CharOverride-2\">Port. \u2013 U. Minho<\/span><\/td>\n<\/tr>\n<tr class=\"Table-aidap _idGenTableRowColumn-3\">\n<td class=\"Table-aidap Celulas\"><span class=\"CharOverride-2\">Marcelino Pereira <\/span><\/td>\n<td class=\"Table-aidap Celulas\"><span class=\"CharOverride-2\">Port. \u2013 FPCE-U. Coimbra<\/span><\/td>\n<\/tr>\n<tr class=\"Table-aidap _idGenTableRowColumn-3\">\n<td class=\"Table-aidap Celulas\"><span class=\"CharOverride-2\">Margarida Pocinho<\/span><\/td>\n<td class=\"Table-aidap Celulas\"><span class=\"CharOverride-2\">Port. \u2013 U. Madeira<\/span><\/td>\n<\/tr>\n<tr class=\"Table-aidap _idGenTableRowColumn-3\">\n<td class=\"Table-aidap Celulas\"><span class=\"CharOverride-2\">Maria Jo\u00e3o Seabra Santos<\/span><\/td>\n<td class=\"Table-aidap Celulas\"><span class=\"CharOverride-2\">Port. \u2013 U. Coimbra<\/span><\/td>\n<\/tr>\n<tr class=\"Table-aidap _idGenTableRowColumn-3\">\n<td class=\"Table-aidap Celulas\"><span class=\"CharOverride-2\">M\u00e1rio Sim\u00f5es<\/span><\/td>\n<td class=\"Table-aidap Celulas\"><span class=\"CharOverride-2\">Port. \u2013 U. Coimbra<\/span><\/td>\n<\/tr>\n<tr class=\"Table-aidap _idGenTableRowColumn-3\">\n<td class=\"Table-aidap Celulas\"><span class=\"CharOverride-2\">Ricardo Barroso<\/span><\/td>\n<td class=\"Table-aidap Celulas\"><span class=\"CharOverride-2\">Port. \u2013 UTAD<\/span><\/td>\n<\/tr>\n<tr class=\"Table-aidap _idGenTableRowColumn-3\">\n<td class=\"Table-aidap Celulas\"><span class=\"CharOverride-2\">Rui B\u00e1rtolo Ribeiro<\/span><\/td>\n<td class=\"Table-aidap Celulas\"><span class=\"CharOverride-2\">Port. \u2013 ISPA<\/span><\/td>\n<\/tr>\n<tr class=\"Table-aidap _idGenTableRowColumn-3\">\n<td class=\"Table-aidap Celulas\"><span class=\"CharOverride-2\">Rui Campos <\/span><\/td>\n<td class=\"Table-aidap Celulas\"><span class=\"CharOverride-2\">Port. \u2013 U. \u00c9vora (RIDEP)<\/span><\/td>\n<\/tr>\n<tr class=\"Table-aidap _idGenTableRowColumn-3\">\n<td class=\"Table-aidap Celulas\"><span class=\"CharOverride-2\">Rute Pires<\/span><\/td>\n<td class=\"Table-aidap Celulas\"><span class=\"CharOverride-2\">Port. \u2013 FP-U. Lisboa (RIDEP)<\/span><\/td>\n<\/tr>\n<tr class=\"Table-aidap _idGenTableRowColumn-3\">\n<td class=\"Table-aidap Celulas CellOverride-1\"><span class=\"CharOverride-2\">Salom\u00e9 Vieira Santos <\/span><\/td>\n<td class=\"Table-aidap Celulas CellOverride-1\"><span class=\"CharOverride-2\">Port. <\/span><span class=\"CharOverride-2\">\u2013 FP-U. Lisboa (RIDEP)<\/span><\/td>\n<\/tr>\n<tr class=\"Table-aidap _idGenTableRowColumn-3\">\n<td class=\"Table-aidap Celulas CellOverride-2\"><span class=\"CharOverride-2\">Sandra Fernandes <\/span><\/td>\n<td class=\"Table-aidap Celulas CellOverride-2\"><span class=\"CharOverride-2\">Port. \u2013 FP-U. Lisboa (RIDEP)<\/span><\/td>\n<\/tr>\n<tr class=\"Table-aidap _idGenTableRowColumn-3\">\n<td class=\"Table-aidap Celulas CellOverride-3\"><span class=\"CharOverride-2\"><a id=\"_idTextAnchor000\"><\/a>Amada Rueda<\/span><\/td>\n<td class=\"Table-aidap Celulas CellOverride-3\"><span class=\"CharOverride-2\">M\u00e9xico \u2013 U. Nacional Aut\u00f3noma de M\u00e9xico<\/span><\/td>\n<\/tr>\n<tr class=\"Table-aidap _idGenTableRowColumn-3\">\n<td class=\"Table-aidap Celulas\"><span class=\"CharOverride-2\"><a id=\"_idTextAnchor001\"><\/a>Jes\u00fas Maria Alvarado<\/span><\/td>\n<td class=\"Table-aidap Celulas\"><span class=\"CharOverride-2\">Espanha \u2013 U. Complutense de Madrid (RIDEP)<\/span><\/td>\n<\/tr>\n<tr class=\"Table-aidap _idGenTableRowColumn-3\">\n<td class=\"Table-aidap Celulas\"><span class=\"CharOverride-2\">Marcelo Perez<\/span><\/td>\n<td class=\"Table-aidap Celulas\"><span class=\"CharOverride-2\">Argentina<\/span><\/td>\n<\/tr>\n<tr class=\"Table-aidap _idGenTableRowColumn-3\">\n<td class=\"Table-aidap Celulas\"><span class=\"CharOverride-2\">Marion Schulmayer<\/span><\/td>\n<td class=\"Table-aidap Celulas\"><span class=\"CharOverride-2\">Bol\u00edvia \u2013 U. Privada de Sta Cruz de La Sierra (RIDEP)<\/span><\/td>\n<\/tr>\n<tr class=\"Table-aidap _idGenTableRowColumn-3\">\n<td class=\"Table-aidap Celulas\"><span class=\"CharOverride-2\">Pablo Ezequiel Flores-Kanter<\/span><\/td>\n<td class=\"Table-aidap Celulas\"><span class=\"CharOverride-2\">Argentina \/ Espanha \u2013 U. Nacional de Mar del Plata (RIDEP)<\/span><\/td>\n<\/tr>\n<tr class=\"Table-aidap _idGenTableRowColumn-3\">\n<td class=\"Table-aidap Celulas\"><span class=\"CharOverride-2\">Sonia Regina Pasian<\/span><\/td>\n<td class=\"Table-aidap Celulas\"><span class=\"CharOverride-2\">Brasil \u2013 U. de S. Paulo<\/span><\/td>\n<\/tr>\n<tr class=\"Table-aidap _idGenTableRowColumn-3\">\n<td class=\"Table-aidap Celulas\"><span class=\"CharOverride-2\">Victor Ortu\u00f1o<\/span><\/td>\n<td class=\"Table-aidap Celulas\"><span class=\"CharOverride-2\">Uruguai \u2013 U. de la Republica (Montevideo) <\/span><\/td>\n<\/tr>\n<tr class=\"Table-aidap _idGenTableRowColumn-3\">\n<td class=\"Table-aidap Celulas\"><span class=\"CharOverride-2\">Zuleima Santalla<\/span><\/td>\n<td class=\"Table-aidap Celulas\"><span class=\"CharOverride-2\">Equador \u2013 U. de Especialidades Esp\u00edritu Santo (RIDEP)<\/span><\/td>\n<\/tr>\n<\/tbody>\n<\/table>\n<\/div>\t\t\t\t\t\t\t\t<\/div>\n\t\t\t\t<\/div>\n\t\t\t\t\t<\/div>\n\t\t<\/div>\n\t\t\t\t\t<\/div>\n\t\t<\/section>\n\t\t\t\t<\/div>","protected":false},"excerpt":{"rendered":"<p>Comiss\u00e3o Cient\u00edfica NOME PA\u00cdS &#8211; Institui\u00e7\u00e3o Maria Jo\u00e3o Afonso Port. \u2013 FP-U.Lisboa (Presidente) Ant\u00f3nio Abel Pires Port. \u2013 FPCE-U. Porto Alexandra Reis Port. \u2013 U. Algarve Aristides Ferreira Port. \u2013 ISCTE Barbara Gonzalez Port. \u2013 U. Lus\u00f3fona Bruno Gon\u00e7alves Port. \u2013 (RIDEP) Isabel Alberto Port. \u2013 FPCE-U. Coimbra Isabel Janeiro Port. \u2013 FP-U. Lisboa Jo\u00e3o [&hellip;]<\/p>\n","protected":false},"author":2,"featured_media":0,"parent":0,"menu_order":0,"comment_status":"closed","ping_status":"closed","template":"elementor_theme","meta":{"footnotes":""},"class_list":["post-292","page","type-page","status-publish","hentry"],"_links":{"self":[{"href":"https:\/\/aidap2023.ualg.pt\/es\/wp-json\/wp\/v2\/pages\/292","targetHints":{"allow":["GET"]}}],"collection":[{"href":"https:\/\/aidap2023.ualg.pt\/es\/wp-json\/wp\/v2\/pages"}],"about":[{"href":"https:\/\/aidap2023.ualg.pt\/es\/wp-json\/wp\/v2\/types\/page"}],"author":[{"embeddable":true,"href":"https:\/\/aidap2023.ualg.pt\/es\/wp-json\/wp\/v2\/users\/2"}],"replies":[{"embeddable":true,"href":"https:\/\/aidap2023.ualg.pt\/es\/wp-json\/wp\/v2\/comments?post=292"}],"version-history":[{"count":34,"href":"https:\/\/aidap2023.ualg.pt\/es\/wp-json\/wp\/v2\/pages\/292\/revisions"}],"predecessor-version":[{"id":628,"href":"https:\/\/aidap2023.ualg.pt\/es\/wp-json\/wp\/v2\/pages\/292\/revisions\/628"}],"wp:attachment":[{"href":"https:\/\/aidap2023.ualg.pt\/es\/wp-json\/wp\/v2\/media?parent=292"}],"curies":[{"name":"wp","href":"https:\/\/api.w.org\/{rel}","templated":true}]}}