{"id":269,"date":"2022-08-26T17:02:12","date_gmt":"2022-08-26T17:02:12","guid":{"rendered":"https:\/\/aidap2023.ualg.pt\/?page_id=269"},"modified":"2023-04-18T10:14:23","modified_gmt":"2023-04-18T10:14:23","slug":"artigos","status":"publish","type":"page","link":"https:\/\/aidap2023.ualg.pt\/es\/artigos\/","title":{"rendered":"Art\u00edculos"},"content":{"rendered":"<div data-elementor-type=\"wp-post\" data-elementor-id=\"269\" class=\"elementor elementor-269\" data-elementor-post-type=\"page\">\n\t\t\t\t\t\t<section class=\"elementor-section elementor-top-section elementor-element elementor-element-4646172 elementor-section-boxed elementor-section-height-default elementor-section-height-default\" data-id=\"4646172\" data-element_type=\"section\" data-e-type=\"section\">\n\t\t\t\t\t\t<div class=\"elementor-container elementor-column-gap-default\">\n\t\t\t\t\t<div class=\"elementor-column elementor-col-100 elementor-top-column elementor-element elementor-element-ec49d4e\" data-id=\"ec49d4e\" data-element_type=\"column\" data-e-type=\"column\">\n\t\t\t<div class=\"elementor-widget-wrap elementor-element-populated\">\n\t\t\t\t\t\t<div class=\"elementor-element elementor-element-cba7ae1 elementor-widget elementor-widget-text-editor\" data-id=\"cba7ae1\" data-element_type=\"widget\" data-e-type=\"widget\" data-widget_type=\"text-editor.default\">\n\t\t\t\t<div class=\"elementor-widget-container\">\n\t\t\t\t\t\t\t\t\t<h5><strong>Reglas para sumisi\u00f3n de art\u00edculos:<\/strong><\/h5><h6>\u00a0<\/h6><h6><strong>Publicaci\u00f3n de textos en el LIBRO DE ACTAS:<\/strong><\/h6><p>El env\u00edo de textos para publicaci\u00f3n es opcional.<\/p><p><span style=\"font-size: 12.0pt; color: black;\">Si env\u00eda un art\u00edculo para su publicaci\u00f3n, su trabajo se publicar\u00e1 en las Actas del Congreso, que tienen un ISBN.<\/span><\/p><p><span style=\"font-size: 12.0pt; color: black;\">En cada texto enviado, al inicio debe indicar el t\u00edtulo del trabajo, el nombre de los autores y su filiaci\u00f3n institucional, el resumen y las palabras clave.<\/span><\/p><p>La letra debe ser Arial, 11 puntos y espacio simple. Se deben seguir las normas de publicaci\u00f3n de APA (7a edici\u00f3n; 2020).<\/p><p>El trabajo final deber\u00e1 enviarse en formato PDF, con un m\u00e1ximo de 5 p\u00e1ginas, incluyendo tablas, gr\u00e1ficos y listado de referencias bibliogr\u00e1ficas.<\/p><p>Los autores son responsables del texto publicado en las Actas.<\/p><p><span style=\"font-size: 12.0pt; color: black;\">La presentaci\u00f3n de textos debe hacerse a trav\u00e9s de ambos correos electr\u00f3nicos:<\/span><\/p><ul><li>Comit\u00e9 Organizador: <a href=\"mailto:aidap2023@ualg.pt\">aidap2023@ualg.pt<\/a><\/li><li>Comit\u00e9 Cient\u00edfico: <a href=\"mailto:ccientificaXIcongressoAIDEP2023@psicologia.ulisboa.pt\">ccientificaXIcongressoAIDEP2023@psicologia.ulisboa.pt<\/a><\/li><\/ul><p>\u00a0<\/p><p>Los textos deben enviarse hasta el <strong>19 de mayo<\/strong>.<\/p><h6>\u00a0<\/h6><h6><strong>Publicaci\u00f3n de art\u00edculos en n\u00famero especial de la revista oficial de AIDEP\/AIDAP \u2013 RIDEP:<\/strong><\/h6><p>El Comit\u00e9 Cient\u00edfico del Congreso, con base en los textos enviados para su publicaci\u00f3n en las Actas del Congreso, invitar\u00e1 a algunos autores a preparar un manuscrito para sumisi\u00f3n a la <strong>RIDEP<\/strong> - Revista Iberoamericana de Diagn\u00f3stico y Evaluaci\u00f3n\/y Evaluaci\u00f3n Psicol\u00f3gica (clasificada en Q3 por Scopus), con el prop\u00f3sito de su publicaci\u00f3n en un N\u00famero Especial dedicado al XI Congreso AIDAP.<\/p><p>Entre los manuscritos recomendados por el Comit\u00e9 Cient\u00edfico, la RIDEP seleccionar\u00e1, en base a una revisi\u00f3n ciega, aquellos que ser\u00e1n aceptados para publicaci\u00f3n en el n\u00famero especial.\u00a0\u00a0<\/p><p>Los autores de art\u00edculos recomendados al RIDEP ser\u00e1n notificados, por el Comit\u00e9 Cient\u00edfico del Congreso, hasta el\u00a0<strong>9 de junio<\/strong>\u00a0y, si as\u00ed lo desean, deber\u00e1n remitir el manuscrito directamente al RIDEP, que implementar\u00e1 los procedimientos habituales de revisi\u00f3n ciega por pares, aunque tambi\u00e9n teniendo en cuenta la recomendaci\u00f3n previa favorable del Comit\u00e9 Cient\u00edfico.<\/p><p>Los manuscritos propuestos para publicaci\u00f3n en el n\u00famero especial de la RIDEP deben respetar <strong>las normas de publicaci\u00f3n de la revista<\/strong>, que se pueden consultar en\u00a0<a href=\"https:\/\/www.aidep.org\/pt\/normas-autores\">https:\/\/www.aidep.org\/pt\/normas-autores<\/a>, y ser enviados a trav\u00e9s la plataforma de la revista, hasta el d\u00eda <strong>7 de julio<\/strong>.<\/p>\t\t\t\t\t\t\t\t<\/div>\n\t\t\t\t<\/div>\n\t\t\t\t\t<\/div>\n\t\t<\/div>\n\t\t\t\t\t<\/div>\n\t\t<\/section>\n\t\t\t\t<\/div>","protected":false},"excerpt":{"rendered":"<p>Regras para submiss\u00e3o de artigos: \u00a0 Publica\u00e7\u00e3o de textos no LIVRO DE ATAS: A submiss\u00e3o de textos para publica\u00e7\u00e3o \u00e9 opcional. Caso submeta um artigo para publica\u00e7\u00e3o, o seu trabalho ser\u00e1 publicado nas Atas do Congresso, as quais t\u00eam ISBN. Em cada texto enviado, logo no in\u00edcio deve ser indicado o t\u00edtulo do trabalho, o [&hellip;]<\/p>\n","protected":false},"author":2,"featured_media":0,"parent":0,"menu_order":0,"comment_status":"closed","ping_status":"closed","template":"elementor_theme","meta":{"footnotes":""},"class_list":["post-269","page","type-page","status-publish","hentry"],"_links":{"self":[{"href":"https:\/\/aidap2023.ualg.pt\/es\/wp-json\/wp\/v2\/pages\/269","targetHints":{"allow":["GET"]}}],"collection":[{"href":"https:\/\/aidap2023.ualg.pt\/es\/wp-json\/wp\/v2\/pages"}],"about":[{"href":"https:\/\/aidap2023.ualg.pt\/es\/wp-json\/wp\/v2\/types\/page"}],"author":[{"embeddable":true,"href":"https:\/\/aidap2023.ualg.pt\/es\/wp-json\/wp\/v2\/users\/2"}],"replies":[{"embeddable":true,"href":"https:\/\/aidap2023.ualg.pt\/es\/wp-json\/wp\/v2\/comments?post=269"}],"version-history":[{"count":15,"href":"https:\/\/aidap2023.ualg.pt\/es\/wp-json\/wp\/v2\/pages\/269\/revisions"}],"predecessor-version":[{"id":1062,"href":"https:\/\/aidap2023.ualg.pt\/es\/wp-json\/wp\/v2\/pages\/269\/revisions\/1062"}],"wp:attachment":[{"href":"https:\/\/aidap2023.ualg.pt\/es\/wp-json\/wp\/v2\/media?parent=269"}],"curies":[{"name":"wp","href":"https:\/\/api.w.org\/{rel}","templated":true}]}}