{"id":263,"date":"2022-08-26T17:00:50","date_gmt":"2022-08-26T17:00:50","guid":{"rendered":"https:\/\/aidap2023.ualg.pt\/?page_id=263"},"modified":"2023-05-08T16:29:21","modified_gmt":"2023-05-08T16:29:21","slug":"resumos","status":"publish","type":"page","link":"https:\/\/aidap2023.ualg.pt\/es\/resumos\/","title":{"rendered":"Res\u00famenes"},"content":{"rendered":"<div data-elementor-type=\"wp-post\" data-elementor-id=\"263\" class=\"elementor elementor-263\" data-elementor-post-type=\"page\">\n\t\t\t\t\t\t<section class=\"elementor-section elementor-top-section elementor-element elementor-element-4646172 elementor-section-boxed elementor-section-height-default elementor-section-height-default\" data-id=\"4646172\" data-element_type=\"section\" data-e-type=\"section\">\n\t\t\t\t\t\t<div class=\"elementor-container elementor-column-gap-default\">\n\t\t\t\t\t<div class=\"elementor-column elementor-col-100 elementor-top-column elementor-element elementor-element-ec49d4e\" data-id=\"ec49d4e\" data-element_type=\"column\" data-e-type=\"column\">\n\t\t\t<div class=\"elementor-widget-wrap elementor-element-populated\">\n\t\t\t\t\t\t<div class=\"elementor-element elementor-element-cba7ae1 elementor-widget elementor-widget-text-editor\" data-id=\"cba7ae1\" data-element_type=\"widget\" data-e-type=\"widget\" data-widget_type=\"text-editor.default\">\n\t\t\t\t<div class=\"elementor-widget-container\">\n\t\t\t\t\t\t\t\t\t<p>Puede someter propuestas para participaci\u00f3n presencial o a distancia (online), en forma de simposio, comunicaci\u00f3n libre o p\u00f3ster.<\/p><p>Los simposios pueden tener como m\u00e1ximo cinco comunicaciones, de por lo menos tres autores.<\/p><p>Las comunicaciones libres ser\u00e1n organizadas en sesiones paralelas y cada comunicaci\u00f3n tendr\u00e1 un m\u00e1ximo de 10 minutos.<\/p><p>Todos los posters se colocar\u00e1n en online (e-poster), por lo que deben enviarse en pdf, como como los autores pretenden que se presente, antes del 28 de abril, a trav\u00e9s del correo electr\u00f3nico<a href=\"mailto:aidap2023@ualg.pt\">aidap2023@ualg.pt<\/a><\/p><p>Los autores que participen en persona podr\u00e1n, si lo desean, presentar tambi\u00e9n el e-poster, que se habilitar\u00e1 en una sala a tal efecto, a un horario previsto en el programa del congreso.<\/p><p>Todas las propuestas pueden ser presentadas en portugu\u00e9s o espa\u00f1ol, lenguas oficiales del congreso.<\/p><h6><strong>Reglas para la sumisi\u00f3n de Res\u00famenes<\/strong><\/h6><p>Cada resumen debe enviarse utilizando un formul\u00e1rio separado, antes del 31 de enero.<\/p><p>Cada resumen debe tener como m\u00e1ximo 300 palabras y contener las siguientes informaciones: Tipo de propuesta (simposio; comunicaci\u00f3n libre; p\u00f3ster); Lengua de presentaci\u00f3n (portugu\u00e9s o espa\u00f1ol); T\u00edtulo; Autores, filiaci\u00f3n institucional y contacto de e-mail; Palabras-clave (tres a seis).<\/p><p>El contenido del resumen deber\u00e1 estar estructurado del siguiente modo: Introducci\u00f3n, Objetivos, M\u00e9todo (adaptado al tipo de estudio), Resultados y Discusi\u00f3n\/Conclusi\u00f3n.<\/p><p>Para propuestas de simposio debe ser presentado un resumen general, el t\u00edtulo del simposio y el coordinador, as\u00ed como el t\u00edtulo de cada comunicaci\u00f3n y respectivos autores.<\/p><p class=\"translation-block\"><strong>Formulario para sumisi\u00f3n de simposio (haga clic <a href=\"https:\/\/bit.ly\/XIresumosimposio\" target=\"_blank\" rel=\"noopener\">aqu\u00ed<\/a>)<\/strong><\/p><p class=\"translation-block\"><strong>Formulario para sumisi\u00f3n de comunicaci\u00f3n libre o p\u00f3ster (haga clic <a href=\"https:\/\/bit.ly\/XIcomunicacaoposter\" target=\"_blank\" rel=\"noopener\">aqu\u00ed<\/a>)<\/strong><\/p><p><span style=\"text-decoration: underline;\">Nota: En el lado derecho de los formularios se encuentra la opci\u00f3n \u201cidiomas\u201d, pudiendo elegir entre \u201cPortugu\u00e9s\u201d y \u201cEspa\u00f1ol\u201d<\/span>.<\/p><p><span style=\"color: inherit; font-family: inherit; font-size: 1rem;\">\u00a0<\/span><\/p><h6><strong>Nota importante:<\/strong><\/h6><p>Para ser incluido en el programa y en el libro de res\u00famenes, todos los autores deben haber pagado la inscripci\u00f3n hasta el 14 de abril, y por lo menos uno de ellos debe participar en el Congreso de forma presencial o remota.<\/p><p>Cada participante puede presentar hasta un m\u00e1ximo de tres propuestas como primer autor.<\/p>\t\t\t\t\t\t\t\t<\/div>\n\t\t\t\t<\/div>\n\t\t\t\t\t<\/div>\n\t\t<\/div>\n\t\t\t\t\t<\/div>\n\t\t<\/section>\n\t\t\t\t<\/div>","protected":false},"excerpt":{"rendered":"<p>Pode submeter propostas para participa\u00e7\u00e3o presencial ou a dist\u00e2ncia (online), na forma de simp\u00f3sio, comunica\u00e7\u00e3o livre ou poster. Os simp\u00f3sios podem ter no m\u00e1ximo cinco comunica\u00e7\u00f5es, de pelo menos tr\u00eas autores diferentes. As comunica\u00e7\u00f5es livres ser\u00e3o organizadas em sess\u00f5es paralelas e cada comunica\u00e7\u00e3o ter\u00e1 no m\u00e1ximo 10 minutos. Todos os posters ser\u00e3o colocados online (e-poster), [&hellip;]<\/p>\n","protected":false},"author":2,"featured_media":0,"parent":0,"menu_order":0,"comment_status":"closed","ping_status":"closed","template":"elementor_theme","meta":{"footnotes":""},"class_list":["post-263","page","type-page","status-publish","hentry"],"_links":{"self":[{"href":"https:\/\/aidap2023.ualg.pt\/es\/wp-json\/wp\/v2\/pages\/263","targetHints":{"allow":["GET"]}}],"collection":[{"href":"https:\/\/aidap2023.ualg.pt\/es\/wp-json\/wp\/v2\/pages"}],"about":[{"href":"https:\/\/aidap2023.ualg.pt\/es\/wp-json\/wp\/v2\/types\/page"}],"author":[{"embeddable":true,"href":"https:\/\/aidap2023.ualg.pt\/es\/wp-json\/wp\/v2\/users\/2"}],"replies":[{"embeddable":true,"href":"https:\/\/aidap2023.ualg.pt\/es\/wp-json\/wp\/v2\/comments?post=263"}],"version-history":[{"count":53,"href":"https:\/\/aidap2023.ualg.pt\/es\/wp-json\/wp\/v2\/pages\/263\/revisions"}],"predecessor-version":[{"id":1788,"href":"https:\/\/aidap2023.ualg.pt\/es\/wp-json\/wp\/v2\/pages\/263\/revisions\/1788"}],"wp:attachment":[{"href":"https:\/\/aidap2023.ualg.pt\/es\/wp-json\/wp\/v2\/media?parent=263"}],"curies":[{"name":"wp","href":"https:\/\/api.w.org\/{rel}","templated":true}]}}