{"id":245,"date":"2022-08-26T16:57:54","date_gmt":"2022-08-26T16:57:54","guid":{"rendered":"https:\/\/aidap2023.ualg.pt\/?page_id=245"},"modified":"2023-03-28T14:53:29","modified_gmt":"2023-03-28T14:53:29","slug":"alojamento","status":"publish","type":"page","link":"https:\/\/aidap2023.ualg.pt\/es\/alojamento\/","title":{"rendered":"Alojamiento"},"content":{"rendered":"<div data-elementor-type=\"wp-post\" data-elementor-id=\"245\" class=\"elementor elementor-245\" data-elementor-post-type=\"page\">\n\t\t\t\t\t\t<section class=\"elementor-section elementor-top-section elementor-element elementor-element-4646172 elementor-section-boxed elementor-section-height-default elementor-section-height-default\" data-id=\"4646172\" data-element_type=\"section\" data-e-type=\"section\">\n\t\t\t\t\t\t<div class=\"elementor-container elementor-column-gap-default\">\n\t\t\t\t\t<div class=\"elementor-column elementor-col-100 elementor-top-column elementor-element elementor-element-ec49d4e\" data-id=\"ec49d4e\" data-element_type=\"column\" data-e-type=\"column\">\n\t\t\t<div class=\"elementor-widget-wrap elementor-element-populated\">\n\t\t\t\t\t\t<div class=\"elementor-element elementor-element-cba7ae1 elementor-widget elementor-widget-text-editor\" data-id=\"cba7ae1\" data-element_type=\"widget\" data-e-type=\"widget\" data-widget_type=\"text-editor.default\">\n\t\t\t\t<div class=\"elementor-widget-container\">\n\t\t\t\t\t\t\t\t\t<h5>Alojamiento<\/h5><p>Faro tiene muchas alternativas de alojamiento, siendo los participantes responsables por sus reservas.<\/p><p>Abalo presentamos algunas as alternativas:<\/p><p><span style=\"color: #515443;\"><strong>Hotel de 5 estrellas:<\/strong><\/span><\/p><p>&#8211; 3HB Faro (<a href=\"https:\/\/3hb.com\/home\/3hb-faro\/\" target=\"_blank\" rel=\"noopener\">website<\/a>)<\/p><p><span style=\"color: #515443;\"><strong>Hoteles de 4 estrellas:<\/strong><\/span><\/p><p>&#8211; Hotel Faro (<a href=\"http:\/\/hotelfaro.pt\/?lang=pt\" target=\"_blank\" rel=\"noopener\">website<\/a>)<\/p><p>&#8211; EVA Senses Hotel (<a href=\"https:\/\/ap-hotelsresorts.com\/pt-pt\/eva\/?gclid=CjwKCAiAr4GgBhBFEiwAgwORrc709DM-4F92M60o27t01gvHu2wkTk9mC7r8NS2YuIOeBpTBWeGz8RoCLVYQAvD_BwE\" target=\"_blank\" rel=\"noopener\">website<\/a>)\u00a0<\/p><p><span style=\"color: #515443;\"><strong>Hoteles de 3 estrellas:<\/strong><\/span><\/p><p>&#8211; Stay Hotel Faro\u00a0(city centre)\u00a0(<a href=\"https:\/\/www.stayhotels.pt\/faro-centro\/\" target=\"_blank\" rel=\"noopener\">website<\/a>)\u00a0<\/p><p>&#8211; Best Western Hotel Dom Bernardo\u00a0(city centre)\u00a0(<a href=\"http:\/\/book.bestwestern.com\/bestwestern\/PT\/Faro-hotels\/BEST-WESTERN-Hotel-Dom-Bernardo\/Hotel-Overview.do?propertyCode=72064\" target=\"_blank\" rel=\"noopener\">website<\/a>)<\/p><p>&#8211; Faro Boutique Hotel (<a href=\"https:\/\/www.faroboutiquehotel.pt\/\" target=\"_blank\" rel=\"noopener\">website<\/a>)<\/p><p>&#8211; Hotel Monaco (<a href=\"http:\/\/www.hotelmonaco.pt\/\" target=\"_blank\" rel=\"noopener\">website<\/a>)\u00a0<\/p><p>&#8211; Hotel Ibis (<a href=\"http:\/\/www.ibishotel.com\/gb\/home\/index.shtml\" target=\"_blank\" rel=\"noopener\">website<\/a>)<\/p><p>&#8211; Hotel 3K Faro Aeroporto (<a href=\"http:\/\/hotel3kfaro.com\/\" target=\"_blank\" rel=\"noopener\">website<\/a>)\u00a0<\/p><p>&#8211; Hospedaria Frangaria (<a href=\"http:\/\/www.frangaria.com\/inn\/hHome.php\" target=\"_blank\" rel=\"noopener\">website<\/a>)<\/p><p>Alternativas m\u00e1s baratas (Hostales) pueden ser vistas\u00a0<a href=\"http:\/\/www.hostelworld.com\/findabed.php\/ChosenCity.Faro\/ChosenCountry.Portugal\" target=\"_blank\" rel=\"noopener\">aqu\u00ed<\/a><\/p>\t\t\t\t\t\t\t\t<\/div>\n\t\t\t\t<\/div>\n\t\t\t\t\t<\/div>\n\t\t<\/div>\n\t\t\t\t\t<\/div>\n\t\t<\/section>\n\t\t\t\t<\/div>","protected":false},"excerpt":{"rendered":"<p>Alojamento Faro tem muitas alternativas de alojamento, sendo os participantes respons\u00e1veis pelas suas pr\u00f3prias reservas. Abaixo apresentamos algumas dessas alternativas: Hotel de 5 estrelas: &#8211; 3HB Faro (website) Hot\u00e9is de 4 estrelas: &#8211; Hotel Faro (website) &#8211; EVA Senses Hotel (website)\u00a0 Hot\u00e9is de 3 estrelas: &#8211; Stay Hotel Faro\u00a0(city centre)\u00a0(website)\u00a0 &#8211; Best Western Hotel Dom [&hellip;]<\/p>\n","protected":false},"author":2,"featured_media":0,"parent":0,"menu_order":0,"comment_status":"closed","ping_status":"closed","template":"elementor_theme","meta":{"footnotes":""},"class_list":["post-245","page","type-page","status-publish","hentry"],"_links":{"self":[{"href":"https:\/\/aidap2023.ualg.pt\/es\/wp-json\/wp\/v2\/pages\/245","targetHints":{"allow":["GET"]}}],"collection":[{"href":"https:\/\/aidap2023.ualg.pt\/es\/wp-json\/wp\/v2\/pages"}],"about":[{"href":"https:\/\/aidap2023.ualg.pt\/es\/wp-json\/wp\/v2\/types\/page"}],"author":[{"embeddable":true,"href":"https:\/\/aidap2023.ualg.pt\/es\/wp-json\/wp\/v2\/users\/2"}],"replies":[{"embeddable":true,"href":"https:\/\/aidap2023.ualg.pt\/es\/wp-json\/wp\/v2\/comments?post=245"}],"version-history":[{"count":28,"href":"https:\/\/aidap2023.ualg.pt\/es\/wp-json\/wp\/v2\/pages\/245\/revisions"}],"predecessor-version":[{"id":1096,"href":"https:\/\/aidap2023.ualg.pt\/es\/wp-json\/wp\/v2\/pages\/245\/revisions\/1096"}],"wp:attachment":[{"href":"https:\/\/aidap2023.ualg.pt\/es\/wp-json\/wp\/v2\/media?parent=245"}],"curies":[{"name":"wp","href":"https:\/\/api.w.org\/{rel}","templated":true}]}}