{"id":223,"date":"2022-08-26T16:45:17","date_gmt":"2022-08-26T16:45:17","guid":{"rendered":"https:\/\/aidap2023.ualg.pt\/?page_id=223"},"modified":"2022-08-30T19:43:34","modified_gmt":"2022-08-30T19:43:34","slug":"local","status":"publish","type":"page","link":"https:\/\/aidap2023.ualg.pt\/es\/local\/","title":{"rendered":"Local"},"content":{"rendered":"<div data-elementor-type=\"wp-post\" data-elementor-id=\"223\" class=\"elementor elementor-223\" data-elementor-post-type=\"page\">\n\t\t\t\t\t\t<section class=\"elementor-section elementor-top-section elementor-element elementor-element-4646172 elementor-section-boxed elementor-section-height-default elementor-section-height-default\" data-id=\"4646172\" data-element_type=\"section\" data-e-type=\"section\">\n\t\t\t\t\t\t<div class=\"elementor-container elementor-column-gap-default\">\n\t\t\t\t\t<div class=\"elementor-column elementor-col-100 elementor-top-column elementor-element elementor-element-ec49d4e\" data-id=\"ec49d4e\" data-element_type=\"column\" data-e-type=\"column\">\n\t\t\t<div class=\"elementor-widget-wrap elementor-element-populated\">\n\t\t\t\t\t\t<div class=\"elementor-element elementor-element-cba7ae1 elementor-widget elementor-widget-text-editor\" data-id=\"cba7ae1\" data-element_type=\"widget\" data-e-type=\"widget\" data-widget_type=\"text-editor.default\">\n\t\t\t\t<div class=\"elementor-widget-container\">\n\t\t\t\t\t\t\t\t\t<h5>Local<\/h5><p>\u00a0<\/p><p>El Congreso tendr\u00e1 lugar en la Universidad del Algarve, <em>Campus<\/em> de Gambelas, Faro, Portugal.<\/p><p>Coordenadas GPS: 37.04297 -7.97154<\/p><p>Google maps:\u00a0<a href=\"http:\/\/goo.gl\/inldtT\" target=\"_blank\" rel=\"noopener\">http:\/\/goo.gl\/inldtT<\/a><\/p><p>V\u00eddeo UAlg: <a href=\"https:\/\/youtu.be\/-J9QqWwMVDo\" target=\"_blank\" rel=\"noopener\">https:\/\/youtu.be\/-J9QqWwMVDo<\/a><\/p><p>V\u00eddeo Algarve: <a href=\"https:\/\/youtu.be\/STR2DCFgG10\" target=\"_blank\" rel=\"noopener\">https:\/\/youtu.be\/STR2DCFgG10<\/a><\/p><p>Para m\u00e1s informaciones sobre la regi\u00f3n del Algarve, haga clic <a href=\"http:\/\/www.visitalgarve.pt\/visitalgarve\/vEN\/\" target=\"_blank\" rel=\"noopener\">aqu\u00ed<\/a><\/p>\t\t\t\t\t\t\t\t<\/div>\n\t\t\t\t<\/div>\n\t\t\t\t\t<\/div>\n\t\t<\/div>\n\t\t\t\t\t<\/div>\n\t\t<\/section>\n\t\t\t\t<\/div>","protected":false},"excerpt":{"rendered":"<p>Local \u00a0 O Congresso ter\u00e1 lugar na Universidade do Algarve, Campus de Gambelas, Faro, Portugal. Coordenadas GPS:\u00a037.04297 -7.97154 Google maps:\u00a0http:\/\/goo.gl\/inldtT V\u00eddeo UAlg: https:\/\/youtu.be\/-J9QqWwMVDo V\u00eddeo Algarve: https:\/\/youtu.be\/STR2DCFgG10 Para mais informa\u00e7\u00f5es sobre a regi\u00e3o do Algarve, clique aqui<\/p>","protected":false},"author":2,"featured_media":0,"parent":0,"menu_order":0,"comment_status":"closed","ping_status":"closed","template":"elementor_theme","meta":{"footnotes":""},"class_list":["post-223","page","type-page","status-publish","hentry"],"_links":{"self":[{"href":"https:\/\/aidap2023.ualg.pt\/es\/wp-json\/wp\/v2\/pages\/223","targetHints":{"allow":["GET"]}}],"collection":[{"href":"https:\/\/aidap2023.ualg.pt\/es\/wp-json\/wp\/v2\/pages"}],"about":[{"href":"https:\/\/aidap2023.ualg.pt\/es\/wp-json\/wp\/v2\/types\/page"}],"author":[{"embeddable":true,"href":"https:\/\/aidap2023.ualg.pt\/es\/wp-json\/wp\/v2\/users\/2"}],"replies":[{"embeddable":true,"href":"https:\/\/aidap2023.ualg.pt\/es\/wp-json\/wp\/v2\/comments?post=223"}],"version-history":[{"count":14,"href":"https:\/\/aidap2023.ualg.pt\/es\/wp-json\/wp\/v2\/pages\/223\/revisions"}],"predecessor-version":[{"id":457,"href":"https:\/\/aidap2023.ualg.pt\/es\/wp-json\/wp\/v2\/pages\/223\/revisions\/457"}],"wp:attachment":[{"href":"https:\/\/aidap2023.ualg.pt\/es\/wp-json\/wp\/v2\/media?parent=223"}],"curies":[{"name":"wp","href":"https:\/\/api.w.org\/{rel}","templated":true}]}}