{"id":196,"date":"2022-08-25T12:26:04","date_gmt":"2022-08-25T12:26:04","guid":{"rendered":"https:\/\/aidap2023.ualg.pt\/?page_id=196"},"modified":"2023-05-01T10:46:58","modified_gmt":"2023-05-01T10:46:58","slug":"estrutura-geral","status":"publish","type":"page","link":"https:\/\/aidap2023.ualg.pt\/es\/estrutura-geral\/","title":{"rendered":"Estructura general"},"content":{"rendered":"<div data-elementor-type=\"wp-post\" data-elementor-id=\"196\" class=\"elementor elementor-196\" data-elementor-post-type=\"page\">\n\t\t\t\t\t\t<section class=\"elementor-section elementor-top-section elementor-element elementor-element-4646172 elementor-section-boxed elementor-section-height-default elementor-section-height-default\" data-id=\"4646172\" data-element_type=\"section\" data-e-type=\"section\">\n\t\t\t\t\t\t<div class=\"elementor-container elementor-column-gap-default\">\n\t\t\t\t\t<div class=\"elementor-column elementor-col-100 elementor-top-column elementor-element elementor-element-ec49d4e\" data-id=\"ec49d4e\" data-element_type=\"column\" data-e-type=\"column\">\n\t\t\t<div class=\"elementor-widget-wrap elementor-element-populated\">\n\t\t\t\t\t\t<div class=\"elementor-element elementor-element-cba7ae1 elementor-widget elementor-widget-text-editor\" data-id=\"cba7ae1\" data-element_type=\"widget\" data-e-type=\"widget\" data-widget_type=\"text-editor.default\">\n\t\t\t\t<div class=\"elementor-widget-container\">\n\t\t\t\t\t\t\t\t\t<h5>Estructura general<\/h5>\t\t\t\t\t\t\t\t<\/div>\n\t\t\t\t<\/div>\n\t\t\t\t<div class=\"elementor-element elementor-element-1e585c4 elementor-widget elementor-widget-text-editor\" data-id=\"1e585c4\" data-element_type=\"widget\" data-e-type=\"widget\" data-widget_type=\"text-editor.default\">\n\t\t\t\t<div class=\"elementor-widget-container\">\n\t\t\t\t\t\t\t\t\t<div id=\"_idContainer000\" class=\"_idGenObjectStyleOverride-1\"><table id=\"table001\" class=\"Table-aidap\"><colgroup> <col class=\"_idGenTableRowColumn-1\" \/> <col class=\"_idGenTableRowColumn-2\" \/> <col class=\"_idGenTableRowColumn-3\" \/> <\/colgroup><tbody><tr class=\"Cabecalho\"><td class=\"Table-aidap Cabecalho _idGenCellOverride-1\">\u00a0<\/td><td class=\"Table-aidap Cabecalho _idGenCellOverride-1\"><p class=\"Cabecalho\"><span class=\"CharOverride-1\">DIA 4<\/span><\/p><\/td><td class=\"Table-aidap Cabecalho\"><p class=\"Cabecalho\"><span class=\"CharOverride-1\">DIA 5<\/span><\/p><\/td><\/tr><tr class=\"Table-aidap _idGenTableRowColumn-5\"><td class=\"Table-aidap Celulas\"><p class=\"Normal_wrd_1 ParaOverride-2\"><span class=\"CharOverride-2\">8h30<\/span><\/p><\/td><td class=\"Table-aidap Celulas\"><p class=\"Normal_wrd_1 ParaOverride-2\"><span class=\"CharOverride-2\">Recepci\u00f3n de los participantes y momento musical<\/span><\/p><\/td><td class=\"Table-aidap Celulas CellOverride-1\"><p class=\"Normal_wrd_1 ParaOverride-2\"><span class=\"CharOverride-2\">_<\/span><\/p><\/td><\/tr><tr class=\"Table-aidap _idGenTableRowColumn-4\"><td class=\"Table-aidap Celulas\"><p class=\"Normal_wrd_1 ParaOverride-2\"><span class=\"CharOverride-2\">9h &#8211; 10h<\/span><\/p><\/td><td class=\"Table-aidap Celulas\"><p class=\"Normal_wrd_1 ParaOverride-2\"><span class=\"CharOverride-2\">Sesi\u00f3n de Apertura<\/span><\/p><\/td><td class=\"Table-aidap Celulas CellOverride-2\"><p class=\"Normal_wrd_1 ParaOverride-2\"><span class=\"CharOverride-2\">Sesiones paralelas 4<\/span><\/p><\/td><\/tr><tr class=\"Table-aidap _idGenTableRowColumn-4\"><td class=\"Table-aidap Celulas\"><p class=\"Normal_wrd_1 ParaOverride-2\"><span class=\"CharOverride-2\">10h &#8211; 11h<\/span><\/p><\/td><td class=\"Table-aidap Celulas\"><p class=\"Normal_wrd_1 ParaOverride-2\"><span class=\"CharOverride-2\">Conferencia 1<\/span><\/p><\/td><td class=\"Table-aidap Celulas CellOverride-3\"><p class=\"Normal_wrd_1 ParaOverride-2\"><span class=\"CharOverride-2\">Sesiones paralelas 5<\/span><\/p><\/td><\/tr><tr class=\"Table-aidap _idGenTableRowColumn-4\"><td class=\"Table-aidap Celulas\"><p class=\"Normal_wrd_1 ParaOverride-2\"><span class=\"CharOverride-2\">11h &#8211; 11h15<\/span><\/p><\/td><td class=\"Table-aidap Celulas\"><p class=\"Normal_wrd_1 ParaOverride-2\"><span class=\"CharOverride-2\">Coffee Break<\/span><\/p><\/td><td class=\"Table-aidap Celulas\"><p class=\"Normal_wrd_1 ParaOverride-2\"><span class=\"CharOverride-2\">Coffee Break<\/span><\/p><\/td><\/tr><tr class=\"Table-aidap _idGenTableRowColumn-4\"><td class=\"Table-aidap Celulas\"><p class=\"Normal_wrd_1 ParaOverride-2\"><span class=\"CharOverride-2\">11h15 &#8211; 12h15<\/span><\/p><\/td><td class=\"Table-aidap Celulas\"><p class=\"Normal_wrd_1 ParaOverride-2\"><span class=\"CharOverride-2\">Sesiones Paralelas 1 + Sesi\u00f3n de Posters 1<\/span><\/p><\/td><td class=\"Table-aidap Celulas\"><p class=\"Normal_wrd_1 ParaOverride-2\"><span class=\"CharOverride-2\">Conferencia 4<\/span><\/p><\/td><\/tr><tr class=\"Table-aidap _idGenTableRowColumn-4\"><td class=\"Table-aidap Celulas\"><p class=\"Normal_wrd_1 ParaOverride-2\"><span class=\"CharOverride-2\">12h15 &#8211; 13h15<\/span><\/p><\/td><td class=\"Table-aidap Celulas\"><p class=\"Normal_wrd_1 ParaOverride-2\"><span class=\"CharOverride-2\">Conferencia 2<\/span><\/p><\/td><td class=\"Table-aidap Celulas\"><p class=\"Normal_wrd_1 ParaOverride-2\"><span class=\"CharOverride-2\">Sesiones paralelas 6 + Sesi\u00f3n de Posters 2<\/span><\/p><\/td><\/tr><tr class=\"Table-aidap _idGenTableRowColumn-4\"><td class=\"Table-aidap Celulas CellOverride-4\"><p class=\"Normal_wrd_1 ParaOverride-2\"><span class=\"CharOverride-2\">13h15 &#8211; 14h30<\/span><\/p><\/td><td class=\"Table-aidap Celulas CellOverride-4\"><p class=\"Normal_wrd_1 ParaOverride-2\"><span class=\"CharOverride-2\">Estiramientos + Almuerzo<\/span><\/p><\/td><td class=\"Table-aidap Celulas CellOverride-4\"><p class=\"Normal_wrd_1 ParaOverride-2\"><span class=\"CharOverride-2\">Estiramientos + Almuerzo<\/span><\/p><\/td><\/tr><tr class=\"Table-aidap _idGenTableRowColumn-4\"><td class=\"Table-aidap Celulas CellOverride-8\"><p class=\"Normal_wrd_1 ParaOverride-2\"><span class=\"CharOverride-2\">14h30 &#8211; 16h<\/span><\/p><\/td><td class=\"Table-aidap Celulas CellOverride-8\"><p class=\"Normal_wrd_1 ParaOverride-2\"><span class=\"CharOverride-2\">Mesa redonda 1 + Sesiones Paralelas 2<\/span><\/p><\/td><td class=\"Table-aidap Celulas CellOverride-8\"><p class=\"Normal_wrd_1 ParaOverride-2\"><span class=\"CharOverride-2\">Mesa redonda 2 + Sesiones paralelas 7<\/span><\/p><\/td><\/tr><tr class=\"Table-aidap _idGenTableRowColumn-4\"><td class=\"Table-aidap Celulas\"><p class=\"Normal_wrd_1 ParaOverride-2\"><span class=\"CharOverride-2\">16h-17h<\/span><\/p><\/td><td class=\"Table-aidap Celulas\"><p class=\"Normal_wrd_1 ParaOverride-2\"><span class=\"CharOverride-2\">Sesiones paralelas 3<\/span><\/p><\/td><td class=\"Table-aidap Celulas\"><p class=\"Normal_wrd_1 ParaOverride-2\"><span class=\"CharOverride-2\">Conferencia 5<\/span><\/p><\/td><\/tr><tr class=\"Table-aidap _idGenTableRowColumn-4\"><td class=\"Table-aidap Celulas\"><p class=\"Normal_wrd_1 ParaOverride-2\"><span class=\"CharOverride-2\">17h &#8211; 18h<\/span><\/p><\/td><td class=\"Table-aidap Celulas\"><p class=\"Normal_wrd_1 ParaOverride-2\"><span class=\"CharOverride-2\">Conferencia 3<\/span><\/p><\/td><td class=\"Table-aidap Celulas\"><p class=\"Normal_wrd_1 ParaOverride-2\"><span class=\"CharOverride-2\">Sesi\u00f3n de Clausura + Cocktail saludable de despedida<\/span><\/p><\/td><\/tr><tr class=\"Table-aidap _idGenTableRowColumn-6\"><td class=\"Table-aidap Celulas\"><p class=\"Normal_wrd_1 ParaOverride-2\"><span class=\"CharOverride-2\">20h<\/span><\/p><\/td><td class=\"Table-aidap Celulas\"><p class=\"Normal_wrd_1 ParaOverride-2\"><span class=\"CharOverride-2\">Cena del Congreso<\/span><\/p><\/td><td class=\"Table-aidap Celulas\"><p class=\"Normal_wrd_1 ParaOverride-2\">&#8211;<\/p><\/td><\/tr><\/tbody><\/table><p class=\"Normal_wrd_1 ParaOverride-2\"><span class=\"CharOverride-3\">\u00a0<\/span><\/p><p class=\"Normal_wrd_1 ParaOverride-2\"><span class=\"CharOverride-3\">Nota: Las Sesiones Paralelas pueden tener forma de Simposios o Comunicaciones Libres<\/span><\/p><\/div>\t\t\t\t\t\t\t\t<\/div>\n\t\t\t\t<\/div>\n\t\t\t\t\t<\/div>\n\t\t<\/div>\n\t\t\t\t\t<\/div>\n\t\t<\/section>\n\t\t\t\t<\/div>","protected":false},"excerpt":{"rendered":"<p>Estrutura geral \u00a0 DIA 4 DIA 5 8h30 Rece\u00e7\u00e3o dos participantes e momento musical _ 9h &#8211; 10h Sess\u00e3o de Abertura Sess\u00f5es paralelas 4 10h &#8211; 11h Confer\u00eancia 1 Sess\u00f5es paralelas 5 11h &#8211; 11h15 Coffee Break Coffee Break 11h15 &#8211; 12h15 Sess\u00f5es paralelas 1 + Sess\u00e3o de Posters 1 Confer\u00eancia 4 12h15 &#8211; 13h15 [&hellip;]<\/p>\n","protected":false},"author":2,"featured_media":0,"parent":0,"menu_order":0,"comment_status":"closed","ping_status":"closed","template":"elementor_theme","meta":{"footnotes":""},"class_list":["post-196","page","type-page","status-publish","hentry"],"_links":{"self":[{"href":"https:\/\/aidap2023.ualg.pt\/es\/wp-json\/wp\/v2\/pages\/196","targetHints":{"allow":["GET"]}}],"collection":[{"href":"https:\/\/aidap2023.ualg.pt\/es\/wp-json\/wp\/v2\/pages"}],"about":[{"href":"https:\/\/aidap2023.ualg.pt\/es\/wp-json\/wp\/v2\/types\/page"}],"author":[{"embeddable":true,"href":"https:\/\/aidap2023.ualg.pt\/es\/wp-json\/wp\/v2\/users\/2"}],"replies":[{"embeddable":true,"href":"https:\/\/aidap2023.ualg.pt\/es\/wp-json\/wp\/v2\/comments?post=196"}],"version-history":[{"count":35,"href":"https:\/\/aidap2023.ualg.pt\/es\/wp-json\/wp\/v2\/pages\/196\/revisions"}],"predecessor-version":[{"id":1755,"href":"https:\/\/aidap2023.ualg.pt\/es\/wp-json\/wp\/v2\/pages\/196\/revisions\/1755"}],"wp:attachment":[{"href":"https:\/\/aidap2023.ualg.pt\/es\/wp-json\/wp\/v2\/media?parent=196"}],"curies":[{"name":"wp","href":"https:\/\/api.w.org\/{rel}","templated":true}]}}