{"id":164,"date":"2022-08-25T09:28:16","date_gmt":"2022-08-25T09:28:16","guid":{"rendered":"https:\/\/aidap2023.ualg.pt\/?page_id=164"},"modified":"2022-08-30T19:44:16","modified_gmt":"2022-08-30T19:44:16","slug":"mensagem-do-presidente-da-comissao-organizadora-do-congresso","status":"publish","type":"page","link":"https:\/\/aidap2023.ualg.pt\/es\/mensagem-do-presidente-da-comissao-organizadora-do-congresso\/","title":{"rendered":"Mensaje del Presidente de la Comisi\u00f3n Organizadora del Congreso"},"content":{"rendered":"<div data-elementor-type=\"wp-page\" data-elementor-id=\"164\" class=\"elementor elementor-164\" data-elementor-post-type=\"page\">\n\t\t\t\t\t\t<section class=\"elementor-section elementor-top-section elementor-element elementor-element-cbdf8f6 elementor-section-boxed elementor-section-height-default elementor-section-height-default\" data-id=\"cbdf8f6\" data-element_type=\"section\" data-e-type=\"section\">\n\t\t\t\t\t\t<div class=\"elementor-container elementor-column-gap-default\">\n\t\t\t\t\t<div class=\"elementor-column elementor-col-100 elementor-top-column elementor-element elementor-element-6305955\" data-id=\"6305955\" data-element_type=\"column\" data-e-type=\"column\">\n\t\t\t<div class=\"elementor-widget-wrap elementor-element-populated\">\n\t\t\t\t\t\t<div class=\"elementor-element elementor-element-3086bab elementor-widget elementor-widget-heading\" data-id=\"3086bab\" data-element_type=\"widget\" data-e-type=\"widget\" data-widget_type=\"heading.default\">\n\t\t\t\t<div class=\"elementor-widget-container\">\n\t\t\t\t\t<h2 class=\"elementor-heading-title elementor-size-default\">Mensaje del Presidente de la Comisi\u00f3n Organizadora del Congreso<\/h2>\t\t\t\t<\/div>\n\t\t\t\t<\/div>\n\t\t\t\t\t<\/div>\n\t\t<\/div>\n\t\t\t\t\t<\/div>\n\t\t<\/section>\n\t\t\t\t<section class=\"elementor-section elementor-top-section elementor-element elementor-element-423bef7 elementor-section-boxed elementor-section-height-default elementor-section-height-default\" data-id=\"423bef7\" data-element_type=\"section\" data-e-type=\"section\">\n\t\t\t\t\t\t<div class=\"elementor-container elementor-column-gap-default\">\n\t\t\t\t\t<div class=\"elementor-column elementor-col-33 elementor-top-column elementor-element elementor-element-496ed76\" data-id=\"496ed76\" data-element_type=\"column\" data-e-type=\"column\">\n\t\t\t<div class=\"elementor-widget-wrap elementor-element-populated\">\n\t\t\t\t\t\t<div class=\"elementor-element elementor-element-025a9ae elementor-widget elementor-widget-image\" data-id=\"025a9ae\" data-element_type=\"widget\" data-e-type=\"widget\" data-widget_type=\"image.default\">\n\t\t\t\t<div class=\"elementor-widget-container\">\n\t\t\t\t\t\t\t\t\t\t\t\t\t\t\t<img fetchpriority=\"high\" decoding=\"async\" width=\"294\" height=\"300\" src=\"https:\/\/aidap2023.ualg.pt\/wp-content\/uploads\/2022\/08\/SaulJesus.png\" class=\"attachment-medium size-medium wp-image-165\" alt=\"\" \/>\t\t\t\t\t\t\t\t\t\t\t\t\t\t\t<\/div>\n\t\t\t\t<\/div>\n\t\t\t\t<div class=\"elementor-element elementor-element-0a729f3 elementor-widget elementor-widget-text-editor\" data-id=\"0a729f3\" data-element_type=\"widget\" data-e-type=\"widget\" data-widget_type=\"text-editor.default\">\n\t\t\t\t<div class=\"elementor-widget-container\">\n\t\t\t\t\t\t\t\t\t<p><strong>Sa\u00fal de Jesus<\/strong><br \/>Presidente de la Comisi\u00f3n Organizadora del Congreso<\/p>\t\t\t\t\t\t\t\t<\/div>\n\t\t\t\t<\/div>\n\t\t\t\t\t<\/div>\n\t\t<\/div>\n\t\t\t\t<div class=\"elementor-column elementor-col-66 elementor-top-column elementor-element elementor-element-c6d6647\" data-id=\"c6d6647\" data-element_type=\"column\" data-e-type=\"column\">\n\t\t\t<div class=\"elementor-widget-wrap elementor-element-populated\">\n\t\t\t\t\t\t<div class=\"elementor-element elementor-element-2160f0c elementor-widget elementor-widget-text-editor\" data-id=\"2160f0c\" data-element_type=\"widget\" data-e-type=\"widget\" data-widget_type=\"text-editor.default\">\n\t\t\t\t<div class=\"elementor-widget-container\">\n\t\t\t\t\t\t\t\t\t<p>El diagn\u00f3stico y la evaluaci\u00f3n psicol\u00f3gica constituyen un dominio fundamental de la Psicolog\u00eda, y se han afirmado progresivamente como esenciales en la investigaci\u00f3n e intervenci\u00f3n psicol\u00f3gica en las diversas \u00e1reas de aplicaci\u00f3n de la Psicolog\u00eda.<\/p><p>Es un dominio reconocido como transversal en la Psicolog\u00eda que se encuentra presente en la formaci\u00f3n de Psic\u00f3logos de todas las \u00e1reas cient\u00edficas a nivel internacional.<\/p><p>La Asociaci\u00f3n Iberoamericana de Diagn\u00f3stico y Evaluaci\u00f3n Psicol\u00f3gica fue creada en 1995 y ha tenido un papel esencial en este reconocimiento y en la promoci\u00f3n de la investigaci\u00f3n en este dominio, en particular a trav\u00e9s de la \u201cRIDEP \u2013 Revista Iberoamericana de Diagn\u00f3stico y Evaluaci\u00f3n -  y Evaluaci\u00f3n Psicol\u00f3gica\u201d, publicaci\u00f3n oficial y peri\u00f3dica de la Asociaci\u00f3n que ya se encuentra indexada en el Cuartil 2 de Scopus.<\/p><p>Esta Asociaci\u00f3n tiene como finalidad la promoci\u00f3n y desarrollo de las \u00e1reas de investigaci\u00f3n te\u00f3ricas y aplicadas del Diagn\u00f3stico Psicol\u00f3gico y de la Evaluaci\u00f3n Psicol\u00f3gica, en sus diferentes concepciones t\u00e9cnicas y en diferentes \u00e1mbitos de aplicaci\u00f3n.<\/p><p>La organizaci\u00f3n de congresos por esta Asociaci\u00f3n es otro factor que ha contribuido mucho para compartir conocimiento y consolidar la red de investigaci\u00f3n en este dominio.<\/p><p>Siendo estos congresos organizados desde hace m\u00e1s de 20 a\u00f1os, en diversas ciudades de pa\u00edses de la Pen\u00ednsula Ib\u00e9rica y Am\u00e9rica Latina, constituyendo tambi\u00e9n una oportunidad de convivio por parte de la comunidad cient\u00edfica, en 2023 o 11\u00ba Congreso de la AIDAP\/AIDEP ser\u00e1 organizado en la Universidad del Algarve, situada en Faro (Portugal).<\/p><p>La Universidad del Algarve es una de las universidades portuguesas con mayores \u00edndices de internacionalizaci\u00f3n y posee dilatada experiencia en la organizaci\u00f3n de congresos, beneficiando de los recursos de la regi\u00f3n del Algarve.<\/p><p>El Algarve es una de las principales regiones tur\u00edsticas de la Europa y Faro, donde se sit\u00faa la Universidad del Algarve, es su capital, con una elevada din\u00e1mica cultural, con aeropuerto internacional, bella playa y buena oferta de restaurantes y de espacios l\u00fadicos.<\/p><p>Tras el per\u00edodo de la pandemia de Covid-19, en que no fue posible realizar congresos de forma presencial, iremos realizar este 11\u00ba Congreso de la AIDAP\/AIDEP en formato h\u00edbrido, pudiendo haber participaci\u00f3n presencial o remota.<\/p><p>Creemos que est\u00e1n reunidas las condiciones para que todos los participantes pasen unos excelentes d\u00edas en Faro o que, en el caso de que no sea posible, participen de forma remota, y para que este Congreso sea recordado como una buena experiencia, contribuyendo para el aumento de la cooperaci\u00f3n entre colegas de los pa\u00edses de lengua portuguesa y espa\u00f1ola en dominio del diagn\u00f3stico y evaluaci\u00f3n psicol\u00f3gica.<\/p><p>\u00a1Un abrazo y hasta mayo de 2023!<\/p>\t\t\t\t\t\t\t\t<\/div>\n\t\t\t\t<\/div>\n\t\t\t\t\t<\/div>\n\t\t<\/div>\n\t\t\t\t\t<\/div>\n\t\t<\/section>\n\t\t\t\t<\/div>","protected":false},"excerpt":{"rendered":"<p>Mensagem do Presidente da Comiss\u00e3o Organizadora do Congresso Sa\u00fal de JesusPresidente da Comiss\u00e3o Organizadora do Congresso O diagn\u00f3stico e a avalia\u00e7\u00e3o psicol\u00f3gica constituem um dom\u00ednio fundamental da Psicologia, tendo vindo a afirmar-se como essencial na investiga\u00e7\u00e3o e na interven\u00e7\u00e3o psicol\u00f3gica nas diversas \u00e1reas de aplica\u00e7\u00e3o da Psicologia. \u00c9, assim, um dom\u00ednio reconhecido como sendo transversal [&hellip;]<\/p>\n","protected":false},"author":2,"featured_media":0,"parent":0,"menu_order":0,"comment_status":"closed","ping_status":"closed","template":"","meta":{"footnotes":""},"class_list":["post-164","page","type-page","status-publish","hentry"],"_links":{"self":[{"href":"https:\/\/aidap2023.ualg.pt\/es\/wp-json\/wp\/v2\/pages\/164","targetHints":{"allow":["GET"]}}],"collection":[{"href":"https:\/\/aidap2023.ualg.pt\/es\/wp-json\/wp\/v2\/pages"}],"about":[{"href":"https:\/\/aidap2023.ualg.pt\/es\/wp-json\/wp\/v2\/types\/page"}],"author":[{"embeddable":true,"href":"https:\/\/aidap2023.ualg.pt\/es\/wp-json\/wp\/v2\/users\/2"}],"replies":[{"embeddable":true,"href":"https:\/\/aidap2023.ualg.pt\/es\/wp-json\/wp\/v2\/comments?post=164"}],"version-history":[{"count":4,"href":"https:\/\/aidap2023.ualg.pt\/es\/wp-json\/wp\/v2\/pages\/164\/revisions"}],"predecessor-version":[{"id":459,"href":"https:\/\/aidap2023.ualg.pt\/es\/wp-json\/wp\/v2\/pages\/164\/revisions\/459"}],"wp:attachment":[{"href":"https:\/\/aidap2023.ualg.pt\/es\/wp-json\/wp\/v2\/media?parent=164"}],"curies":[{"name":"wp","href":"https:\/\/api.w.org\/{rel}","templated":true}]}}